{"id":150,"date":"2017-11-08T18:48:29","date_gmt":"2017-11-08T17:48:29","guid":{"rendered":"https:\/\/friedlis-moosgarte.ch\/?page_id=150"},"modified":"2026-01-06T12:16:44","modified_gmt":"2026-01-06T11:16:44","slug":"gemuesebau","status":"publish","type":"page","link":"https:\/\/friedlis-moosgarte.ch\/?page_id=150","title":{"rendered":"Gem\u00fcsebau"},"content":{"rendered":"<p>[et_pb_section fb_built=&#8220;1&#8243; fullwidth=&#8220;on&#8220; _builder_version=&#8220;4.27.4&#8243; _module_preset=&#8220;default&#8220; global_colors_info=&#8220;{}&#8220;][et_pb_fullwidth_header title=&#8220;Gem\u00fcsebau&#8220; _builder_version=&#8220;4.27.5&#8243; _module_preset=&#8220;default&#8220; title_font=&#8220;Buda|700|||||||&#8220; title_text_color=&#8220;#000000&#8243; title_font_size=&#8220;60px&#8220; background_color=&#8220;gcid-body-color&#8220; background_image=&#8220;https:\/\/friedlis-moosgarte.ch\/wp-content\/uploads\/2025\/10\/Friedli_Moos-12-scaled.jpg&#8220; background_blend=&#8220;screen&#8220; hover_enabled=&#8220;0&#8243; title_text_shadow_style=&#8220;preset4&#8243; title_text_shadow_blur_strength=&#8220;2em&#8220; title_text_shadow_color=&#8220;gcid-body-color&#8220; global_colors_info=&#8220;{%22gcid-body-color%22:%91%22background_color%22,%22title_text_shadow_color%22%93}&#8220; sticky_enabled=&#8220;0&#8243; title_text=&#8220;Friedli_Moos-12&#8243;][\/et_pb_fullwidth_header][\/et_pb_section][et_pb_section fb_built=&#8220;1&#8243; _builder_version=&#8220;4.27.4&#8243; _module_preset=&#8220;default&#8220; background_color=&#8220;gcid-29b6bcb3-a4ae-4811-8a9a-5ab654dde1f9&#8243; custom_padding=&#8220;50px||||false|false&#8220; global_colors_info=&#8220;{%22gcid-29b6bcb3-a4ae-4811-8a9a-5ab654dde1f9%22:%91%22background_color%22%93}&#8220;][et_pb_row column_structure=&#8220;1_3,2_3&#8243; _builder_version=&#8220;4.27.4&#8243; _module_preset=&#8220;default&#8220; background_color=&#8220;gcid-secondary-color&#8220; min_height=&#8220;529.6px&#8220; custom_padding=&#8220;|20px|22px|20px|false|false&#8220; global_colors_info=&#8220;{%22gcid-secondary-color%22:%91%22background_color%22%93}&#8220;][et_pb_column type=&#8220;1_3&#8243; _builder_version=&#8220;4.27.4&#8243; _module_preset=&#8220;default&#8220; global_colors_info=&#8220;{}&#8220;][et_pb_text _builder_version=&#8220;4.27.4&#8243; _module_preset=&#8220;default&#8220; text_text_color=&#8220;#000000&#8243; global_colors_info=&#8220;{}&#8220;]<\/p>\n<p><span data-contrast=\"auto\" xml:lang=\"DE-DE\" lang=\"DE-DE\" class=\"TextRun SCXW178413113 BCX8\"><span class=\"NormalTextRun SCXW178413113 BCX8\">Auf einer Fl\u00e4che von etwas mehr als einer Hektare bauen wir eine grosse Vielfalt von Gem\u00fcse an. J\u00e4hrlich wird das Gem\u00fcseangebot vom Hof ausgebaut, so<\/span><span class=\"NormalTextRun SCXW178413113 BCX8\"> <\/span><span class=\"NormalTextRun SCXW178413113 BCX8\">dass \u00fcber das ganze Jahr eine Abwechslung entsteht.<\/span><\/span><span class=\"EOP SCXW178413113 BCX8\" data-ccp-props=\"{&quot;134233117&quot;:false,&quot;134233118&quot;:false,&quot;335559738&quot;:240,&quot;335559739&quot;:240}\">\u00a0<\/span><\/p>\n<p><span class=\"EOP SCXW178413113 BCX8\" data-ccp-props=\"{&quot;134233117&quot;:false,&quot;134233118&quot;:false,&quot;335559738&quot;:240,&quot;335559739&quot;:240}\"><span data-contrast=\"auto\" xml:lang=\"DE-DE\" lang=\"DE-DE\" class=\"TextRun SCXW180884449 BCX8\"><span class=\"NormalTextRun SCXW180884449 BCX8\">Wir integrieren auch alte Gem\u00fcsesorten (Pro <\/span><span class=\"NormalTextRun SpellingErrorV2Themed SCXW180884449 BCX8\">Specia<\/span><span class=\"NormalTextRun SCXW180884449 BCX8\"> Rara), die das ein oder andere besondere Merkmal haben. Eine Tomate in Herzform oder eine Gurke der \u00e4lteren Sorte soll seinen Weg in die Ern\u00e4hrung offener Kunden finden. Nicht nur optisch stechen diese Sorten hervor, sondern sie zeigen auch einen kraftvollen Geschmack.<\/span><\/span><span class=\"EOP SCXW180884449 BCX8\" data-ccp-props=\"{&quot;134233117&quot;:false,&quot;134233118&quot;:false,&quot;335559738&quot;:240,&quot;335559739&quot;:240}\">\u00a0<\/span><\/span><\/p>\n<p>[\/et_pb_text][\/et_pb_column][et_pb_column type=&#8220;2_3&#8243; _builder_version=&#8220;4.27.4&#8243; _module_preset=&#8220;default&#8220; global_colors_info=&#8220;{}&#8220;][et_pb_image src=&#8220;https:\/\/friedlis-moosgarte.ch\/wp-content\/uploads\/2025\/02\/IMG_20230719_073511_1-scaled.jpg&#8220; title_text=&#8220;IMG_20230719_073511_1&#8243; align=&#8220;center&#8220; _builder_version=&#8220;4.27.4&#8243; _module_preset=&#8220;default&#8220; max_width=&#8220;60%&#8220; module_alignment=&#8220;center&#8220; global_colors_info=&#8220;{}&#8220;][\/et_pb_image][\/et_pb_column][\/et_pb_row][et_pb_row column_structure=&#8220;1_2,1_2&#8243; _builder_version=&#8220;4.27.4&#8243; _module_preset=&#8220;default&#8220; background_color=&#8220;gcid-secondary-color&#8220; custom_margin=&#8220;0px|auto||auto|false|false&#8220; custom_padding=&#8220;20px|20px||20px|false|false&#8220; global_colors_info=&#8220;{%22gcid-secondary-color%22:%91%22background_color%22%93}&#8220;][et_pb_column type=&#8220;1_2&#8243; _builder_version=&#8220;4.27.4&#8243; _module_preset=&#8220;default&#8220; global_colors_info=&#8220;{}&#8220;][et_pb_image src=&#8220;https:\/\/friedlis-moosgarte.ch\/wp-content\/uploads\/2025\/02\/20240509_202717-scaled.jpg&#8220; title_text=&#8220;20240509_202717&#8243; align=&#8220;center&#8220; _builder_version=&#8220;4.27.4&#8243; _module_preset=&#8220;default&#8220; background_enable_image=&#8220;off&#8220; width=&#8220;100%&#8220; module_alignment=&#8220;center&#8220; custom_margin=&#8220;||53px|||&#8220; custom_padding=&#8220;|0px||||&#8220; global_colors_info=&#8220;{}&#8220;][\/et_pb_image][\/et_pb_column][et_pb_column type=&#8220;1_2&#8243; _builder_version=&#8220;4.27.4&#8243; _module_preset=&#8220;default&#8220; global_colors_info=&#8220;{}&#8220;][et_pb_text _builder_version=&#8220;4.27.4&#8243; _module_preset=&#8220;default&#8220; text_text_color=&#8220;#000000&#8243; global_colors_info=&#8220;{}&#8220;]<\/p>\n<p><span data-contrast=\"auto\" xml:lang=\"DE-DE\" lang=\"DE-DE\" class=\"TextRun SCXW132113858 BCX8\"><span class=\"NormalTextRun SCXW132113858 BCX8\">Nicht nur die g\u00e4ngigen Gem\u00fcsesorten finden ihren Platz auf dem Feld und im Gew\u00e4chshaus, sondern auch solche, die die Gesellschaft nicht gut kennt oder die in Vergessenheit geraten sind. Es braucht Mut, um das ein oder andere Gem\u00fcse zu probieren. <\/span><\/span><span class=\"EOP SCXW132113858 BCX8\" data-ccp-props=\"{&quot;134233117&quot;:false,&quot;134233118&quot;:false,&quot;335559738&quot;:240,&quot;335559739&quot;:240}\">\u00a0<\/span><\/p>\n<p><span class=\"EOP SCXW132113858 BCX8\" data-ccp-props=\"{&quot;134233117&quot;:false,&quot;134233118&quot;:false,&quot;335559738&quot;:240,&quot;335559739&quot;:240}\"><span data-contrast=\"auto\" xml:lang=\"DE-DE\" lang=\"DE-DE\" class=\"TextRun SCXW254017239 BCX8\"><span class=\"NormalTextRun SCXW254017239 BCX8\">Eine spannende Angelegenheit, die mit etwas Mut und Freude am Ausprobieren eine wahre Geschmacksexplosion und gleichzeitig wertvolle Vitamine liefert.<\/span><\/span><span class=\"EOP SCXW254017239 BCX8\" data-ccp-props=\"{&quot;134233117&quot;:false,&quot;134233118&quot;:false,&quot;335559738&quot;:240,&quot;335559739&quot;:240}\">\u00a0<\/span><\/span><\/p>\n<p>[\/et_pb_text][\/et_pb_column][\/et_pb_row][\/et_pb_section]<\/p>\n","protected":false},"excerpt":{"rendered":"<p>Auf einer Fl\u00e4che von etwas mehr als einer Hektare bauen wir eine grosse Vielfalt von Gem\u00fcse an. J\u00e4hrlich wird das Gem\u00fcseangebot vom Hof ausgebaut, so dass \u00fcber das ganze Jahr eine Abwechslung entsteht.\u00a0 Wir integrieren auch alte Gem\u00fcsesorten (Pro Specia Rara), die das ein oder andere besondere Merkmal haben. Eine Tomate in Herzform oder eine [&hellip;]<\/p>\n","protected":false},"author":1,"featured_media":0,"parent":49702,"menu_order":1,"comment_status":"closed","ping_status":"closed","template":"","meta":{"_et_pb_use_builder":"on","_et_pb_old_content":"","_et_gb_content_width":"","footnotes":""},"class_list":["post-150","page","type-page","status-publish","hentry"],"_links":{"self":[{"href":"https:\/\/friedlis-moosgarte.ch\/index.php?rest_route=\/wp\/v2\/pages\/150","targetHints":{"allow":["GET"]}}],"collection":[{"href":"https:\/\/friedlis-moosgarte.ch\/index.php?rest_route=\/wp\/v2\/pages"}],"about":[{"href":"https:\/\/friedlis-moosgarte.ch\/index.php?rest_route=\/wp\/v2\/types\/page"}],"author":[{"embeddable":true,"href":"https:\/\/friedlis-moosgarte.ch\/index.php?rest_route=\/wp\/v2\/users\/1"}],"replies":[{"embeddable":true,"href":"https:\/\/friedlis-moosgarte.ch\/index.php?rest_route=%2Fwp%2Fv2%2Fcomments&post=150"}],"version-history":[{"count":31,"href":"https:\/\/friedlis-moosgarte.ch\/index.php?rest_route=\/wp\/v2\/pages\/150\/revisions"}],"predecessor-version":[{"id":50174,"href":"https:\/\/friedlis-moosgarte.ch\/index.php?rest_route=\/wp\/v2\/pages\/150\/revisions\/50174"}],"up":[{"embeddable":true,"href":"https:\/\/friedlis-moosgarte.ch\/index.php?rest_route=\/wp\/v2\/pages\/49702"}],"wp:attachment":[{"href":"https:\/\/friedlis-moosgarte.ch\/index.php?rest_route=%2Fwp%2Fv2%2Fmedia&parent=150"}],"curies":[{"name":"wp","href":"https:\/\/api.w.org\/{rel}","templated":true}]}}