{"id":156,"date":"2017-11-08T18:51:47","date_gmt":"2017-11-08T17:51:47","guid":{"rendered":"https:\/\/friedlis-moosgarte.ch\/?page_id=156"},"modified":"2025-03-22T21:41:43","modified_gmt":"2025-03-22T20:41:43","slug":"setzlinge","status":"publish","type":"page","link":"https:\/\/friedlis-moosgarte.ch\/?page_id=156","title":{"rendered":"Setzlinge"},"content":{"rendered":"<p>[et_pb_section fb_built=&#8220;1&#8243; fullwidth=&#8220;on&#8220; _builder_version=&#8220;4.27.4&#8243; _module_preset=&#8220;default&#8220; global_colors_info=&#8220;{}&#8220;][et_pb_fullwidth_header title=&#8220;Setzlinge&#8220; _builder_version=&#8220;4.27.4&#8243; _module_preset=&#8220;default&#8220; title_font=&#8220;Buda|700|||||||&#8220; title_font_size=&#8220;60px&#8220; background_image=&#8220;https:\/\/friedlis-moosgarte.ch\/wp-content\/uploads\/2025\/02\/20250210_140538-scaled.jpg&#8220; background_position=&#8220;top_center&#8220; background_vertical_offset=&#8220;41%&#8220; hover_enabled=&#8220;0&#8243; global_colors_info=&#8220;{%22gcid-body-color%22:%91%22background_color%22%93}&#8220; sticky_enabled=&#8220;0&#8243; background_color=&#8220;gcid-body-color&#8220; background_blend=&#8220;screen&#8220; title_text_color=&#8220;#000000&#8243;][\/et_pb_fullwidth_header][\/et_pb_section][et_pb_section fb_built=&#8220;1&#8243; admin_label=&#8220;section&#8220; _builder_version=&#8220;4.27.4&#8243; background_color=&#8220;#30270f&#8220; custom_padding=&#8220;50px||||false|false&#8220; global_colors_info=&#8220;{}&#8220;][et_pb_row column_structure=&#8220;1_2,1_2&#8243; _builder_version=&#8220;4.27.4&#8243; background_color=&#8220;#ffffff&#8220; custom_margin=&#8220;|auto||auto|false|false&#8220; custom_padding=&#8220;|20px||20px|false|false&#8220; global_colors_info=&#8220;{}&#8220;][et_pb_column type=&#8220;1_2&#8243; _builder_version=&#8220;4.16&#8243; custom_padding=&#8220;|||&#8220; global_colors_info=&#8220;{}&#8220; custom_padding__hover=&#8220;|||&#8220;][et_pb_text _builder_version=&#8220;4.27.4&#8243; text_text_color=&#8220;#000000&#8243; global_colors_info=&#8220;{}&#8220;]<\/p>\n<p dir=\"ltr\">In unserem 700 m\u00b2 gro\u00dfen Tunnel produzieren wir eine Vielzahl an hochwertigen Gem\u00fcsejungpflanzen. Ein Teil der Jungpflanzen stammt von der SwissPlant GmbH aus M\u00fcnschenmier.<\/p>\n<p dir=\"ltr\">Besonders beliebt sind unsere N\u00fcsslisalat-Setzlinge, die wir kistenweise anbieten. Alle Jungpflanzen sind in unserer Selbstbedienung auf dem Hof erh\u00e4ltlich.<\/p>\n<p dir=\"ltr\">Bei Fragen oder speziellen W\u00fcnschen stehen wir Ihnen gerne beratend zur Seite!<\/p>\n<p>[\/et_pb_text][\/et_pb_column][et_pb_column type=&#8220;1_2&#8243; _builder_version=&#8220;4.16&#8243; custom_padding=&#8220;|||&#8220; global_colors_info=&#8220;{}&#8220; custom_padding__hover=&#8220;|||&#8220;][et_pb_image src=&#8220;https:\/\/friedlis-moosgarte.ch\/wp-content\/uploads\/2018\/05\/setzlinge-1.jpg&#8220; title_text=&#8220;setzlinge&#8220; align_tablet=&#8220;center&#8220; align_phone=&#8220;center&#8220; align_last_edited=&#8220;on|desktop&#8220; _builder_version=&#8220;4.27.4&#8243; global_colors_info=&#8220;{}&#8220;][\/et_pb_image][\/et_pb_column][\/et_pb_row][et_pb_row column_structure=&#8220;1_5,1_5,1_5,1_5,1_5&#8243; _builder_version=&#8220;4.27.4&#8243; _module_preset=&#8220;default&#8220; background_color=&#8220;gcid-secondary-color&#8220; custom_padding=&#8220;|20px||20px|false|false&#8220; global_colors_info=&#8220;{%22gcid-secondary-color%22:%91%22background_color%22%93}&#8220;][et_pb_column type=&#8220;1_5&#8243; _builder_version=&#8220;4.27.4&#8243; _module_preset=&#8220;default&#8220; global_colors_info=&#8220;{}&#8220;][et_pb_image src=&#8220;https:\/\/friedlis-moosgarte.ch\/wp-content\/uploads\/2025\/02\/IMG-20250210-WA0082-scaled.jpg&#8220; title_text=&#8220;IMG-20250210-WA0082&#8243; _builder_version=&#8220;4.27.4&#8243; _module_preset=&#8220;default&#8220; global_colors_info=&#8220;{}&#8220;][\/et_pb_image][\/et_pb_column][et_pb_column type=&#8220;1_5&#8243; _builder_version=&#8220;4.27.4&#8243; _module_preset=&#8220;default&#8220; global_colors_info=&#8220;{}&#8220;][et_pb_image src=&#8220;https:\/\/friedlis-moosgarte.ch\/wp-content\/uploads\/2025\/02\/20250210_140555-scaled.jpg&#8220; title_text=&#8220;20250210_140555&#8243; _builder_version=&#8220;4.27.4&#8243; _module_preset=&#8220;default&#8220; global_colors_info=&#8220;{}&#8220;][\/et_pb_image][\/et_pb_column][et_pb_column type=&#8220;1_5&#8243; _builder_version=&#8220;4.27.4&#8243; _module_preset=&#8220;default&#8220; global_colors_info=&#8220;{}&#8220;][et_pb_image src=&#8220;https:\/\/friedlis-moosgarte.ch\/wp-content\/uploads\/2025\/02\/20250210_140545-scaled.jpg&#8220; title_text=&#8220;20250210_140545&#8243; _builder_version=&#8220;4.27.4&#8243; _module_preset=&#8220;default&#8220; global_colors_info=&#8220;{}&#8220;][\/et_pb_image][\/et_pb_column][et_pb_column type=&#8220;1_5&#8243; _builder_version=&#8220;4.27.4&#8243; _module_preset=&#8220;default&#8220; global_colors_info=&#8220;{}&#8220;][et_pb_image src=&#8220;https:\/\/friedlis-moosgarte.ch\/wp-content\/uploads\/2025\/02\/IMG-20250210-WA0083-scaled.jpg&#8220; title_text=&#8220;IMG-20250210-WA0083&#8243; _builder_version=&#8220;4.27.4&#8243; _module_preset=&#8220;default&#8220; global_colors_info=&#8220;{}&#8220;][\/et_pb_image][\/et_pb_column][et_pb_column type=&#8220;1_5&#8243; _builder_version=&#8220;4.27.4&#8243; _module_preset=&#8220;default&#8220; global_colors_info=&#8220;{}&#8220;][et_pb_image src=&#8220;https:\/\/friedlis-moosgarte.ch\/wp-content\/uploads\/2025\/02\/20250210_140538-scaled.jpg&#8220; title_text=&#8220;20250210_140538&#8243; _builder_version=&#8220;4.27.4&#8243; _module_preset=&#8220;default&#8220; global_colors_info=&#8220;{}&#8220;][\/et_pb_image][\/et_pb_column][\/et_pb_row][\/et_pb_section]<\/p>\n","protected":false},"excerpt":{"rendered":"<p>In unserem 700 m\u00b2 gro\u00dfen Tunnel produzieren wir eine Vielzahl an hochwertigen Gem\u00fcsejungpflanzen. Ein Teil der Jungpflanzen stammt von der SwissPlant GmbH aus M\u00fcnschenmier. Besonders beliebt sind unsere N\u00fcsslisalat-Setzlinge, die wir kistenweise anbieten. Alle Jungpflanzen sind in unserer Selbstbedienung auf dem Hof erh\u00e4ltlich. Bei Fragen oder speziellen W\u00fcnschen stehen wir Ihnen gerne beratend zur Seite!<\/p>\n","protected":false},"author":1,"featured_media":0,"parent":49702,"menu_order":3,"comment_status":"closed","ping_status":"closed","template":"","meta":{"_et_pb_use_builder":"on","_et_pb_old_content":"","_et_gb_content_width":"","footnotes":""},"class_list":["post-156","page","type-page","status-publish","hentry"],"_links":{"self":[{"href":"https:\/\/friedlis-moosgarte.ch\/index.php?rest_route=\/wp\/v2\/pages\/156","targetHints":{"allow":["GET"]}}],"collection":[{"href":"https:\/\/friedlis-moosgarte.ch\/index.php?rest_route=\/wp\/v2\/pages"}],"about":[{"href":"https:\/\/friedlis-moosgarte.ch\/index.php?rest_route=\/wp\/v2\/types\/page"}],"author":[{"embeddable":true,"href":"https:\/\/friedlis-moosgarte.ch\/index.php?rest_route=\/wp\/v2\/users\/1"}],"replies":[{"embeddable":true,"href":"https:\/\/friedlis-moosgarte.ch\/index.php?rest_route=%2Fwp%2Fv2%2Fcomments&post=156"}],"version-history":[{"count":13,"href":"https:\/\/friedlis-moosgarte.ch\/index.php?rest_route=\/wp\/v2\/pages\/156\/revisions"}],"predecessor-version":[{"id":49967,"href":"https:\/\/friedlis-moosgarte.ch\/index.php?rest_route=\/wp\/v2\/pages\/156\/revisions\/49967"}],"up":[{"embeddable":true,"href":"https:\/\/friedlis-moosgarte.ch\/index.php?rest_route=\/wp\/v2\/pages\/49702"}],"wp:attachment":[{"href":"https:\/\/friedlis-moosgarte.ch\/index.php?rest_route=%2Fwp%2Fv2%2Fmedia&parent=156"}],"curies":[{"name":"wp","href":"https:\/\/api.w.org\/{rel}","templated":true}]}}