{"id":163,"date":"2017-11-08T18:53:05","date_gmt":"2017-11-08T17:53:05","guid":{"rendered":"https:\/\/friedlis-moosgarte.ch\/?page_id=163"},"modified":"2025-10-27T18:53:28","modified_gmt":"2025-10-27T17:53:28","slug":"uber-uns","status":"publish","type":"page","link":"https:\/\/friedlis-moosgarte.ch\/?page_id=163","title":{"rendered":"\u00dcber uns"},"content":{"rendered":"<p>[et_pb_section fb_built=&#8220;1&#8243; fullwidth=&#8220;on&#8220; _builder_version=&#8220;4.27.4&#8243; _module_preset=&#8220;default&#8220; global_colors_info=&#8220;{}&#8220;][et_pb_fullwidth_header title=&#8220;\u00dcber uns&#8220; _builder_version=&#8220;4.27.4&#8243; _module_preset=&#8220;default&#8220; title_font=&#8220;Buda|700|||||||&#8220; title_text_color=&#8220;#000000&#8243; title_font_size=&#8220;60px&#8220; background_color=&#8220;gcid-body-color&#8220; background_image=&#8220;https:\/\/friedlis-moosgarte.ch\/wp-content\/uploads\/2025\/10\/Friedli_Moos-130-scaled.jpg&#8220; background_blend=&#8220;screen&#8220; hover_enabled=&#8220;0&#8243; global_colors_info=&#8220;{%22gcid-body-color%22:%91%22background_color%22%93}&#8220; sticky_enabled=&#8220;0&#8243; background_position=&#8220;top_center&#8220; title_text=&#8220;default&#8220;][\/et_pb_fullwidth_header][\/et_pb_section][et_pb_section fb_built=&#8220;1&#8243; _builder_version=&#8220;4.27.4&#8243; background_color=&#8220;gcid-29b6bcb3-a4ae-4811-8a9a-5ab654dde1f9&#8243; custom_margin=&#8220;||||false|false&#8220; custom_padding=&#8220;50px||||false|false&#8220; global_colors_info=&#8220;{%22gcid-29b6bcb3-a4ae-4811-8a9a-5ab654dde1f9%22:%91%22background_color%22%93}&#8220;][et_pb_row column_structure=&#8220;1_2,1_2&#8243; _builder_version=&#8220;4.27.4&#8243; background_color=&#8220;gcid-secondary-color&#8220; background_size=&#8220;initial&#8220; background_position=&#8220;top_left&#8220; background_repeat=&#8220;repeat&#8220; min_height=&#8220;398.1px&#8220; custom_margin=&#8220;-2px|auto||auto||&#8220; custom_padding=&#8220;|20px||20px|false|false&#8220; global_colors_info=&#8220;{%22gcid-secondary-color%22:%91%22background_color%22%93}&#8220;][et_pb_column type=&#8220;1_2&#8243; _builder_version=&#8220;4.16&#8243; custom_padding=&#8220;|||&#8220; global_colors_info=&#8220;{}&#8220; custom_padding__hover=&#8220;|||&#8220;][et_pb_image src=&#8220;https:\/\/friedlis-moosgarte.ch\/wp-content\/uploads\/2025\/02\/20240420_192737-scaled.jpg&#8220; title_text=&#8220;20240420_192737&#8243; align_tablet=&#8220;center&#8220; align_phone=&#8220;&#8220; align_last_edited=&#8220;on|desktop&#8220; _builder_version=&#8220;4.27.4&#8243; module_alignment=&#8220;center&#8220; custom_margin=&#8220;||||false|false&#8220; custom_padding=&#8220;|23px||20px|false|false&#8220; custom_padding_tablet=&#8220;|0px||0px|false|false&#8220; custom_padding_phone=&#8220;|0px||0px|false|false&#8220; custom_padding_last_edited=&#8220;on|desktop&#8220; global_colors_info=&#8220;{}&#8220;]&nbsp;<br \/>\n[\/et_pb_image][\/et_pb_column][et_pb_column type=&#8220;1_2&#8243; _builder_version=&#8220;4.16&#8243; custom_padding=&#8220;|||&#8220; global_colors_info=&#8220;{}&#8220; custom_padding__hover=&#8220;|||&#8220;][et_pb_text _builder_version=&#8220;4.27.4&#8243; text_text_color=&#8220;#000000&#8243; custom_padding=&#8220;|50px||3px|false|false&#8220; custom_padding_tablet=&#8220;|50px||102px|false|false&#8220; custom_padding_phone=&#8220;|0px||0px|false|false&#8220; custom_padding_last_edited=&#8220;on|phone&#8220; global_colors_info=&#8220;{}&#8220;]<\/p>\n<p><span data-contrast=\"auto\" xml:lang=\"DE-DE\" lang=\"DE-DE\" class=\"TextRun SCXW175394447 BCX8\"><span class=\"NormalTextRun SCXW175394447 BCX8\">Der Hof ist seit 19<\/span><span class=\"NormalTextRun SCXW175394447 BCX8\">80<\/span><span class=\"NormalTextRun SCXW175394447 BCX8\"> in unserem Familienbesitz. Seitdem bewirtschaften wir das Land mit vielen verschiedenen Getreidesorten, Kartoffeln, Gem\u00fcse und Erdbeeren. Neu haben wir eine bunte Vielfalt an Hochst<\/span><span class=\"NormalTextRun SCXW175394447 BCX8\">a<\/span><span class=\"NormalTextRun SCXW175394447 BCX8\">mmb\u00e4umen gepflanzt, um in ein paar Jahren noch eine gr\u00f6ssere F\u00fclle anbieten zu k\u00f6nnen.<\/span><\/span><\/p>\n<p>Insgesamt umfasst der Betrieb eine Fl\u00e4che von 34 Hektaren, von welchen 20 Aren Gew\u00e4chsh\u00e4user sind.<\/p>\n<p>&nbsp;<\/p>\n<p>[\/et_pb_text][\/et_pb_column][\/et_pb_row][et_pb_row column_structure=&#8220;1_4,1_4,1_4,1_4&#8243; _builder_version=&#8220;4.27.4&#8243; background_color=&#8220;#FFFFFF&#8220; background_size=&#8220;initial&#8220; background_position=&#8220;top_left&#8220; background_repeat=&#8220;repeat&#8220; custom_padding=&#8220;|20px||20px|false|false&#8220; global_colors_info=&#8220;{}&#8220;][et_pb_column type=&#8220;1_4&#8243; _builder_version=&#8220;4.16&#8243; custom_padding=&#8220;|||&#8220; global_colors_info=&#8220;{}&#8220; custom_padding__hover=&#8220;|||&#8220;][et_pb_team_member name=&#8220;Ruedi &#8220; position=&#8220;Betriebsleiter, Chef Ackerbau und Erdbeeren, leidenschaftlicher B\u00e4cker, T\u00fcftler, Reparierer &#8220; image_url=&#8220;https:\/\/friedlis-moosgarte.ch\/wp-content\/uploads\/2025\/10\/Friedli_Moos-37-scaled.jpg&#8220; _builder_version=&#8220;4.27.4&#8243; header_level=&#8220;h3&#8243; header_text_align=&#8220;center&#8220; body_text_align=&#8220;center&#8220; body_text_color=&#8220;#000000&#8243; position_text_color=&#8220;#000000&#8243; text_orientation=&#8220;center&#8220; width=&#8220;100%&#8220; min_height=&#8220;337.1px&#8220; custom_padding=&#8220;|0px|||false|false&#8220; custom_css_member_image=&#8220;display: block;|| margin: 0 auto;&#8220; border_width_all_image=&#8220;6px&#8220; border_color_all_image=&#8220;#000000&#8243; border_style_all_image=&#8220;double&#8220; global_colors_info=&#8220;{}&#8220;]<\/p>\n<p>079 226 92 03<\/p>\n<p>[\/et_pb_team_member][\/et_pb_column][et_pb_column type=&#8220;1_4&#8243; _builder_version=&#8220;4.16&#8243; custom_padding=&#8220;|||&#8220; global_colors_info=&#8220;{}&#8220; custom_padding__hover=&#8220;|||&#8220;][et_pb_team_member name=&#8220;Doris &#8220; position=&#8220;Verk\u00e4uferin, Allrounderin, Vorbereiterin von Bestellungen, Kartoffelsalatprofi, Chefin Hofl\u00e4deli &#8220; image_url=&#8220;https:\/\/friedlis-moosgarte.ch\/wp-content\/uploads\/2025\/10\/Friedli_Moos-94-scaled.jpg&#8220; _builder_version=&#8220;4.27.4&#8243; header_level=&#8220;h3&#8243; header_font=&#8220;||||||||&#8220; header_text_align=&#8220;center&#8220; body_text_color=&#8220;#000000&#8243; position_text_color=&#8220;#000000&#8243; text_orientation=&#8220;center&#8220; max_width=&#8220;130%&#8220; custom_margin=&#8220;|||&#8220; custom_padding=&#8220;||||false|false&#8220; custom_css_member_image=&#8220;display: block;|| margin: 0 auto;&#8220; border_radii_image=&#8220;on|0px|0px|0px|0px&#8220; border_width_all_image=&#8220;6px&#8220; border_style_all_image=&#8220;double&#8220; global_colors_info=&#8220;{}&#8220;]<\/p>\n<p>079 411 37 42<\/p>\n<p>[\/et_pb_team_member][\/et_pb_column][et_pb_column type=&#8220;1_4&#8243; _builder_version=&#8220;4.16&#8243; custom_padding=&#8220;|||&#8220; global_colors_info=&#8220;{}&#8220; custom_padding__hover=&#8220;|||&#8220;][et_pb_team_member name=&#8220;Manu&#8220; position=&#8220;Gem\u00fcseg\u00e4rtnerin, Chefin Gem\u00fcse, K\u00f6chin, Natur- und Gem\u00fcseliebhaberin&#8220; image_url=&#8220;https:\/\/friedlis-moosgarte.ch\/wp-content\/uploads\/2025\/10\/Friedli_Moos-102-scaled.jpg&#8220; _builder_version=&#8220;4.27.4&#8243; _module_preset=&#8220;default&#8220; header_text_color=&#8220;#000000&#8243; body_text_color=&#8220;#000000&#8243; position_text_color=&#8220;#000000&#8243; text_orientation=&#8220;center&#8220; border_width_all_image=&#8220;6px&#8220; border_style_all_image=&#8220;double&#8220; global_colors_info=&#8220;{}&#8220;][\/et_pb_team_member][\/et_pb_column][et_pb_column type=&#8220;1_4&#8243; _builder_version=&#8220;4.16&#8243; custom_padding=&#8220;|||&#8220; global_colors_info=&#8220;{}&#8220; custom_padding__hover=&#8220;|||&#8220;][et_pb_team_member name=&#8220;Leyla&#8220; position=&#8220;Hofh\u00fcterin&#8220; image_url=&#8220;https:\/\/friedlis-moosgarte.ch\/wp-content\/uploads\/2022\/11\/IMG-20221120-WA0028.jpg&#8220; disabled_on=&#8220;off|off|off&#8220; _builder_version=&#8220;4.27.4&#8243; _module_preset=&#8220;default&#8220; body_text_color=&#8220;#000000&#8243; position_text_color=&#8220;#000000&#8243; text_orientation=&#8220;center&#8220; custom_margin=&#8220;||||false|false&#8220; custom_padding=&#8220;||||false|false&#8220; border_radii_image=&#8220;off||||&#8220; border_width_all_image=&#8220;6px&#8220; border_color_all_image=&#8220;#000000&#8243; border_style_all_image=&#8220;double&#8220; global_colors_info=&#8220;{}&#8220;][\/et_pb_team_member][\/et_pb_column][\/et_pb_row][\/et_pb_section]<\/p>\n","protected":false},"excerpt":{"rendered":"<p>&nbsp; Der Hof ist seit 1980 in unserem Familienbesitz. Seitdem bewirtschaften wir das Land mit vielen verschiedenen Getreidesorten, Kartoffeln, Gem\u00fcse und Erdbeeren. Neu haben wir eine bunte Vielfalt an Hochstammb\u00e4umen gepflanzt, um in ein paar Jahren noch eine gr\u00f6ssere F\u00fclle anbieten zu k\u00f6nnen. Insgesamt umfasst der Betrieb eine Fl\u00e4che von 34 Hektaren, von welchen 20 [&hellip;]<\/p>\n","protected":false},"author":1,"featured_media":0,"parent":49706,"menu_order":1,"comment_status":"closed","ping_status":"closed","template":"","meta":{"_et_pb_use_builder":"on","_et_pb_old_content":"","_et_gb_content_width":"","footnotes":""},"class_list":["post-163","page","type-page","status-publish","hentry"],"_links":{"self":[{"href":"https:\/\/friedlis-moosgarte.ch\/index.php?rest_route=\/wp\/v2\/pages\/163","targetHints":{"allow":["GET"]}}],"collection":[{"href":"https:\/\/friedlis-moosgarte.ch\/index.php?rest_route=\/wp\/v2\/pages"}],"about":[{"href":"https:\/\/friedlis-moosgarte.ch\/index.php?rest_route=\/wp\/v2\/types\/page"}],"author":[{"embeddable":true,"href":"https:\/\/friedlis-moosgarte.ch\/index.php?rest_route=\/wp\/v2\/users\/1"}],"replies":[{"embeddable":true,"href":"https:\/\/friedlis-moosgarte.ch\/index.php?rest_route=%2Fwp%2Fv2%2Fcomments&post=163"}],"version-history":[{"count":49,"href":"https:\/\/friedlis-moosgarte.ch\/index.php?rest_route=\/wp\/v2\/pages\/163\/revisions"}],"predecessor-version":[{"id":50155,"href":"https:\/\/friedlis-moosgarte.ch\/index.php?rest_route=\/wp\/v2\/pages\/163\/revisions\/50155"}],"up":[{"embeddable":true,"href":"https:\/\/friedlis-moosgarte.ch\/index.php?rest_route=\/wp\/v2\/pages\/49706"}],"wp:attachment":[{"href":"https:\/\/friedlis-moosgarte.ch\/index.php?rest_route=%2Fwp%2Fv2%2Fmedia&parent=163"}],"curies":[{"name":"wp","href":"https:\/\/api.w.org\/{rel}","templated":true}]}}