{"id":49215,"date":"2023-03-18T16:47:38","date_gmt":"2023-03-18T15:47:38","guid":{"rendered":"https:\/\/friedlis-moosgarte.ch\/?page_id=49215"},"modified":"2026-01-06T12:10:47","modified_gmt":"2026-01-06T11:10:47","slug":"hoflaedeli","status":"publish","type":"page","link":"https:\/\/friedlis-moosgarte.ch\/?page_id=49215","title":{"rendered":"Hofl\u00e4deli"},"content":{"rendered":"<p>[et_pb_section fb_built=&#8220;1&#8243; fullwidth=&#8220;on&#8220; admin_label=&#8220;Sektion&#8220; _builder_version=&#8220;4.20.2&#8243; max_height=&#8220;300px&#8220; animation_style=&#8220;slide&#8220; animation_direction=&#8220;top&#8220; animation_intensity_slide=&#8220;2%&#8220; animation_starting_opacity=&#8220;100%&#8220; global_colors_info=&#8220;{}&#8220;][et_pb_fullwidth_header title=&#8220;Hofl\u00e4deli&#8220; button_one_text=&#8220;Wegbeschreibung&#8220; button_one_url=&#8220;https:\/\/goo.gl\/maps\/9RTZgtT1Zzq35vsY7&#8243; button_two_text=&#8220;Bestellungen&#8220; button_two_url=&#8220;https:\/\/friedlis-moosgarte.ch\/?page_id=165&#8243; content_max_width_tablet=&#8220;&#8220; content_max_width_phone=&#8220;&#8220; content_max_width_last_edited=&#8220;on|phone&#8220; admin_label=&#8220;Vollbreite Kopfzeile&#8220; _builder_version=&#8220;4.27.5&#8243; title_font=&#8220;Buda|700|||||||&#8220; title_text_color=&#8220;#000000&#8243; title_font_size=&#8220;60px&#8220; title_line_height=&#8220;1.2em&#8220; content_font=&#8220;||||||||&#8220; content_font_size=&#8220;20px&#8220; content_line_height=&#8220;1.8em&#8220; background_color=&#8220;gcid-body-color&#8220; background_image=&#8220;https:\/\/friedlis-moosgarte.ch\/wp-content\/uploads\/2025\/10\/Friedli_Moos-85-scaled.jpg&#8220; background_blend=&#8220;screen&#8220; custom_button_one=&#8220;on&#8220; button_one_text_size=&#8220;18px&#8220; button_one_text_color=&#8220;gcid-secondary-color&#8220; button_one_bg_color=&#8220;gcid-primary-color&#8220; button_one_border_width=&#8220;0px&#8220; button_one_border_color=&#8220;#000000&#8243; button_one_border_radius=&#8220;0px&#8220; button_one_letter_spacing=&#8220;1px&#8220; button_one_font=&#8220;Lato|700|||||||&#8220; button_one_use_icon=&#8220;off&#8220; custom_button_two=&#8220;on&#8220; button_two_text_size=&#8220;18px&#8220; button_two_text_color=&#8220;#000000&#8243; button_two_bg_color=&#8220;#ffffff&#8220; button_two_border_width=&#8220;0px&#8220; button_two_border_color=&#8220;#ffffff&#8220; button_two_border_radius=&#8220;0px&#8220; button_two_letter_spacing=&#8220;1px&#8220; button_two_font=&#8220;Lato|700|||||||&#8220; button_two_use_icon=&#8220;off&#8220; custom_margin=&#8220;|||&#8220; custom_padding_tablet=&#8220;&#8220; custom_padding_phone=&#8220;0px||0px||true|false&#8220; custom_padding_last_edited=&#8220;on|phone&#8220; hover_enabled=&#8220;0&#8243; button_one_letter_spacing_hover=&#8220;1px&#8220; button_two_letter_spacing_hover=&#8220;1px&#8220; global_colors_info=&#8220;{%22gcid-body-color%22:%91%22background_color%22%93,%22gcid-secondary-color%22:%91%22button_one_text_color%22%93,%22gcid-primary-color%22:%91%22button_one_bg_color%22%93}&#8220; button_one_text_size__hover_enabled=&#8220;off&#8220; button_two_text_size__hover_enabled=&#8220;off&#8220; button_one_text_color__hover_enabled=&#8220;off&#8220; button_two_text_color__hover_enabled=&#8220;off&#8220; button_one_border_width__hover_enabled=&#8220;off&#8220; button_two_border_width__hover_enabled=&#8220;off&#8220; button_one_border_color__hover_enabled=&#8220;off&#8220; button_two_border_color__hover_enabled=&#8220;off&#8220; button_one_border_radius__hover_enabled=&#8220;off&#8220; button_two_border_radius__hover_enabled=&#8220;off&#8220; button_one_letter_spacing__hover_enabled=&#8220;on&#8220; button_one_letter_spacing__hover=&#8220;1px&#8220; button_two_letter_spacing__hover_enabled=&#8220;on&#8220; button_two_letter_spacing__hover=&#8220;1px&#8220; button_one_bg_color__hover_enabled=&#8220;off&#8220; button_two_bg_color__hover_enabled=&#8220;off&#8220; sticky_enabled=&#8220;0&#8243;][\/et_pb_fullwidth_header][\/et_pb_section][et_pb_section fb_built=&#8220;1&#8243; admin_label=&#8220;Market Information Section&#8220; _builder_version=&#8220;4.27.4&#8243; background_color=&#8220;#30270f&#8220; custom_padding=&#8220;50px||0px||false|false&#8220; global_colors_info=&#8220;{}&#8220;][et_pb_row column_structure=&#8220;2_3,1_3&#8243; admin_label=&#8220;Market Information Title Area&#8220; _builder_version=&#8220;4.27.4&#8243; background_color=&#8220;#ffffff&#8220; custom_padding=&#8220;|20px||20px|false|false&#8220; global_colors_info=&#8220;{}&#8220;][et_pb_column type=&#8220;2_3&#8243; admin_label=&#8220;Spalte&#8220; _builder_version=&#8220;4.20.2&#8243; custom_padding=&#8220;|||&#8220; global_colors_info=&#8220;{}&#8220; custom_padding__hover=&#8220;|||&#8220;][et_pb_text admin_label=&#8220;Text&#8220; _builder_version=&#8220;4.27.4&#8243; text_font=&#8220;||||||||&#8220; text_text_color=&#8220;#000000&#8243; text_font_size=&#8220;18px&#8220; text_line_height=&#8220;1.8em&#8220; header_font=&#8220;||||||||&#8220; background_color=&#8220;#FFFFFF&#8220; min_height=&#8220;298.9px&#8220; custom_margin=&#8220;||||false|false&#8220; custom_padding=&#8220;0px||||false|false&#8220; animation_style=&#8220;flip&#8220; animation_direction=&#8220;left&#8220; animation_intensity_flip=&#8220;20%&#8220; animation_starting_opacity=&#8220;100%&#8220; locked=&#8220;off&#8220; inline_fonts=&#8220;Abril Fatface&#8220; global_colors_info=&#8220;{}&#8220;]<\/p>\n<p><span data-contrast=\"auto\">Unser Hofladen, ein Ort, an dem all unsere Produkte in die Gesellschaft finden. Neben dem Gem\u00fcse bieten wir Teigwaren, Polenta, Mehl, Eingemachtes, Getrocknetes, Gefrorenes und Fermentiertes an. Wir t\u00fcfteln immer wieder an Neuheiten. Um ein grosses Sortiment anbieten zu k\u00f6nnen, haben wir einen Teil der Fr\u00fcchte und Gem\u00fcse zugekauft. Auch andere Produkte von H\u00f6fen in der Umgebung haben ihren Weg in den Laden gefunden: Honig von unserem Nachbarn Heinz Ryser, Eier von den Stotzers und Reis von M\u00fclheim Hans aus Schwadernau.<\/span><\/p>\n<p>[\/et_pb_text][et_pb_text _builder_version=&#8220;4.27.4&#8243; _module_preset=&#8220;default&#8220; text_text_color=&#8220;#ffffff&#8220; background_color=&#8220;RGBA(48,39,15,0.75)&#8220; custom_margin=&#8220;||||false|false&#8220; custom_padding=&#8220;20px|20px|20px|20px|false|false&#8220; global_colors_info=&#8220;{}&#8220; min_height=&#8220;442.6px&#8220;]<\/p>\n<p><b><span data-contrast=\"auto\">Jeden Samstag: Brot und Zopf<\/span><\/b><span data-ccp-props=\"{&quot;134233117&quot;:false,&quot;134233118&quot;:false,&quot;335559738&quot;:240,&quot;335559739&quot;:240}\">\u00a0<\/span><\/p>\n<p><span data-contrast=\"auto\">Am Samstag geht es fr\u00fch los auf dem Betrieb. Rudi steht auf, um den alten restaurierten \u00fcber 100 Jahre alten Holzofen anzufeuern. Drinnen im Ofen werden die Z\u00fcpfen langsam gebacken. Es riecht immer hervorragend, wenn die ersten Brote den Ofen verlassen. Nach dem Einkaufen darf eine gem\u00fctliche Kaffeerunde beim Holzofen nicht fehlen.<\/span><span data-ccp-props=\"{&quot;134233117&quot;:false,&quot;134233118&quot;:false,&quot;335559738&quot;:240,&quot;335559739&quot;:240}\">\u00a0<\/span><\/p>\n<p><span data-contrast=\"auto\">Unsere Brote werden ausschlie\u00dflich mit eigenem Mehl gebacken. Dinkel und Weizen werden in der M\u00fchle in Oberwil gemahlen. Mais und Roggen mahlen wir selbst in einer kleinen M\u00fchle.<\/span><span data-ccp-props=\"{&quot;134233117&quot;:false,&quot;134233118&quot;:false,&quot;335559738&quot;:240,&quot;335559739&quot;:240}\">\u00a0<\/span><\/p>\n<p><span data-contrast=\"auto\">Die Butter beziehen wir aus der K\u00e4serei in Oberwil und die Eier von unseren Nachbarn, den Stotzers.<\/span><span data-ccp-props=\"{&quot;134233117&quot;:false,&quot;134233118&quot;:false,&quot;335559738&quot;:240,&quot;335559739&quot;:240}\">\u00a0<\/span><\/p>\n<p><em>\u00c4s het so langs het.<\/em> Oder auf <a href=\"https:\/\/friedlis-moosgarte.ch\/kontakt\/\" title=\"Kontakt\">Bestellung<\/a><\/p>\n<p>[\/et_pb_text][et_pb_image _builder_version=&#8220;4.27.4&#8243; _module_preset=&#8220;default&#8220; global_colors_info=&#8220;{}&#8220;][\/et_pb_image][et_pb_image src=&#8220;https:\/\/friedlis-moosgarte.ch\/wp-content\/uploads\/2025\/10\/Friedli_Moos-86-scaled.jpg&#8220; title_text=&#8220;Friedli_Moos-86&#8243; _builder_version=&#8220;4.27.4&#8243; _module_preset=&#8220;default&#8220; max_width=&#8220;100%&#8220; custom_padding=&#8220;|0px||0px|false|false&#8220; global_colors_info=&#8220;{}&#8220;][\/et_pb_image][\/et_pb_column][et_pb_column type=&#8220;1_3&#8243; admin_label=&#8220;Spalte&#8220; _builder_version=&#8220;4.16&#8243; custom_padding=&#8220;|||&#8220; global_colors_info=&#8220;{}&#8220; custom_padding__hover=&#8220;|||&#8220;][et_pb_text admin_label=&#8220;Title&#8220; _builder_version=&#8220;4.27.4&#8243; text_font=&#8220;Buda|700|||||||&#8220; text_text_color=&#8220;gcid-secondary-color&#8220; text_font_size=&#8220;20px&#8220; header_font=&#8220;Buda||||||||&#8220; header_text_color=&#8220;gcid-secondary-color&#8220; header_2_font=&#8220;||||||||&#8220; header_3_font=&#8220;Lato|700|||||||&#8220; header_3_font_size=&#8220;18px&#8220; header_3_line_height=&#8220;1.5em&#8220; header_4_font=&#8220;Lato||||||||&#8220; header_4_font_size=&#8220;16px&#8220; header_4_line_height=&#8220;1.5em&#8220; background_color=&#8220;rgba(21,60,66,0.71)&#8220; text_orientation=&#8220;center&#8220; background_layout=&#8220;dark&#8220; module_alignment=&#8220;center&#8220; custom_margin=&#8220;22px||15px|-2px||&#8220; custom_padding=&#8220;25px|0px|||false|false&#8220; animation_style=&#8220;flip&#8220; animation_intensity_flip=&#8220;20%&#8220; animation_starting_opacity=&#8220;100%&#8220; border_width_all=&#8220;6px&#8220; locked=&#8220;off&#8220; global_colors_info=&#8220;{%22gcid-secondary-color%22:%91%22header_text_color%22,%22text_text_color%22,%22text_text_shadow_color%22%93}&#8220;]<\/p>\n<h1>\u00d6ffnungszeiten<\/h1>\n<h3>Mo &amp; Mi\u00a0 \u00a017:00-19:00<\/h3>\n<h3>Freitag\u00a0 \u00a0 \u00a0 16:00-19:00<\/h3>\n<h3>Samstag\u00a0 \u00a009:00-13:00<\/h3>\n<p>[\/et_pb_text][et_pb_image src=&#8220;https:\/\/friedlis-moosgarte.ch\/wp-content\/uploads\/2025\/03\/IMG-20250329-WA0005-scaled.jpg&#8220; title_text=&#8220;IMG-20250329-WA0005&#8243; _builder_version=&#8220;4.27.4&#8243; _module_preset=&#8220;default&#8220; custom_margin=&#8220;|||2px||&#8220; custom_padding=&#8220;||0px|0px||&#8220; global_colors_info=&#8220;{}&#8220;][\/et_pb_image][et_pb_image src=&#8220;https:\/\/friedlis-moosgarte.ch\/wp-content\/uploads\/2025\/10\/Friedli_Moos-43-scaled.jpg&#8220; title_text=&#8220;Friedli_Moos-43&#8243; _builder_version=&#8220;4.27.4&#8243; _module_preset=&#8220;default&#8220; custom_margin=&#8220;||||false|false&#8220; custom_padding=&#8220;|0px|0px||false|false&#8220; global_colors_info=&#8220;{}&#8220;][\/et_pb_image][et_pb_image src=&#8220;https:\/\/friedlis-moosgarte.ch\/wp-content\/uploads\/2025\/10\/Friedli_Moos-38-scaled.jpg&#8220; title_text=&#8220;Friedli_Moos-38&#8243; _builder_version=&#8220;4.27.4&#8243; _module_preset=&#8220;default&#8220; custom_margin=&#8220;|0px||||&#8220; custom_padding=&#8220;||||false|false&#8220; global_colors_info=&#8220;{}&#8220;][\/et_pb_image][\/et_pb_column][\/et_pb_row][\/et_pb_section]<\/p>\n","protected":false},"excerpt":{"rendered":"<p>Unser Hofladen, ein Ort, an dem all unsere Produkte in die Gesellschaft finden. Neben dem Gem\u00fcse bieten wir Teigwaren, Polenta, Mehl, Eingemachtes, Getrocknetes, Gefrorenes und Fermentiertes an. Wir t\u00fcfteln immer wieder an Neuheiten. Um ein grosses Sortiment anbieten zu k\u00f6nnen, haben wir einen Teil der Fr\u00fcchte und Gem\u00fcse zugekauft. Auch andere Produkte von H\u00f6fen in [&hellip;]<\/p>\n","protected":false},"author":1,"featured_media":0,"parent":0,"menu_order":8,"comment_status":"closed","ping_status":"closed","template":"","meta":{"_et_pb_use_builder":"on","_et_pb_old_content":"","_et_gb_content_width":"","footnotes":""},"class_list":["post-49215","page","type-page","status-publish","hentry"],"_links":{"self":[{"href":"https:\/\/friedlis-moosgarte.ch\/index.php?rest_route=\/wp\/v2\/pages\/49215","targetHints":{"allow":["GET"]}}],"collection":[{"href":"https:\/\/friedlis-moosgarte.ch\/index.php?rest_route=\/wp\/v2\/pages"}],"about":[{"href":"https:\/\/friedlis-moosgarte.ch\/index.php?rest_route=\/wp\/v2\/types\/page"}],"author":[{"embeddable":true,"href":"https:\/\/friedlis-moosgarte.ch\/index.php?rest_route=\/wp\/v2\/users\/1"}],"replies":[{"embeddable":true,"href":"https:\/\/friedlis-moosgarte.ch\/index.php?rest_route=%2Fwp%2Fv2%2Fcomments&post=49215"}],"version-history":[{"count":28,"href":"https:\/\/friedlis-moosgarte.ch\/index.php?rest_route=\/wp\/v2\/pages\/49215\/revisions"}],"predecessor-version":[{"id":50173,"href":"https:\/\/friedlis-moosgarte.ch\/index.php?rest_route=\/wp\/v2\/pages\/49215\/revisions\/50173"}],"wp:attachment":[{"href":"https:\/\/friedlis-moosgarte.ch\/index.php?rest_route=%2Fwp%2Fv2%2Fmedia&parent=49215"}],"curies":[{"name":"wp","href":"https:\/\/api.w.org\/{rel}","templated":true}]}}