{"id":49673,"date":"2025-02-08T13:54:39","date_gmt":"2025-02-08T12:54:39","guid":{"rendered":"https:\/\/friedlis-moosgarte.ch\/?page_id=49673"},"modified":"2025-03-29T12:29:48","modified_gmt":"2025-03-29T11:29:48","slug":"biodiversitaet","status":"publish","type":"page","link":"https:\/\/friedlis-moosgarte.ch\/?page_id=49673","title":{"rendered":"Agroforst"},"content":{"rendered":"<p>[et_pb_section fb_built=&#8220;1&#8243; fullwidth=&#8220;on&#8220; _builder_version=&#8220;4.27.4&#8243; _module_preset=&#8220;default&#8220; global_colors_info=&#8220;{}&#8220;][et_pb_fullwidth_header title=&#8220;Agroforst&#8220; _builder_version=&#8220;4.27.4&#8243; _module_preset=&#8220;default&#8220; title_font=&#8220;Buda|700|||||||&#8220; title_text_color=&#8220;#000000&#8243; title_font_size=&#8220;60px&#8220; background_color=&#8220;gcid-body-color&#8220; background_image=&#8220;https:\/\/friedlis-moosgarte.ch\/wp-content\/uploads\/2025\/02\/20240622_195050-scaled.jpg&#8220; background_position=&#8220;top_center&#8220; background_vertical_offset=&#8220;50%&#8220; background_repeat=&#8220;repeat&#8220; background_blend=&#8220;screen&#8220; global_colors_info=&#8220;{%22gcid-body-color%22:%91%22background_color%22%93}&#8220;][\/et_pb_fullwidth_header][\/et_pb_section][et_pb_section fb_built=&#8220;1&#8243; _builder_version=&#8220;4.27.4&#8243; _module_preset=&#8220;default&#8220; background_color=&#8220;gcid-29b6bcb3-a4ae-4811-8a9a-5ab654dde1f9&#8243; global_colors_info=&#8220;{%22gcid-29b6bcb3-a4ae-4811-8a9a-5ab654dde1f9%22:%91%22background_color%22%93}&#8220;][et_pb_row column_structure=&#8220;2_5,3_5&#8243; _builder_version=&#8220;4.27.4&#8243; _module_preset=&#8220;default&#8220; background_color=&#8220;gcid-secondary-color&#8220; custom_margin=&#8220;|auto||auto|false|false&#8220; custom_padding=&#8220;|20px||20px|false|false&#8220; global_colors_info=&#8220;{%22gcid-secondary-color%22:%91%22background_color%22%93}&#8220;][et_pb_column type=&#8220;2_5&#8243; _builder_version=&#8220;4.27.4&#8243; _module_preset=&#8220;default&#8220; global_colors_info=&#8220;{}&#8220;][et_pb_text _builder_version=&#8220;4.27.4&#8243; _module_preset=&#8220;default&#8220; text_text_color=&#8220;#000000&#8243; global_colors_info=&#8220;{}&#8220;]<\/p>\n<p><span data-contrast=\"auto\">Der Hof befindet sich in einer grossen Entwicklung. Im Winter 2022 haben wir auf einer Fl\u00e4che von 150 Aren begonnen, eine Agroforstanlage zu kultivieren. Agroforst ist ein Anbausystem, das bis ins Mittelalter zur\u00fcckreicht. Baumreihen werden gepflanzt und dazwischen werden Getreide, Gem\u00fcse und Beeren kultiviert. Eine Art strukturierte Permakultur, die es erm\u00f6glicht, eine Vielzahl von Lebensmitteln zu produzieren und gleichzeitig eine hohe Biodiversit\u00e4t zu f\u00f6rdern. Es nutzt die nat\u00fcrlichen Gegebenheiten der Natur, um gesunde Lebensmittel in Zeiten des Klimawandels zu produzieren.<\/span><span data-ccp-props=\"{&quot;134233117&quot;:false,&quot;134233118&quot;:false,&quot;335559738&quot;:240,&quot;335559739&quot;:240}\">\u00a0<\/span><\/p>\n<p>[\/et_pb_text][\/et_pb_column][et_pb_column type=&#8220;3_5&#8243; _builder_version=&#8220;4.27.4&#8243; _module_preset=&#8220;default&#8220; global_colors_info=&#8220;{}&#8220;][et_pb_image src=&#8220;https:\/\/friedlis-moosgarte.ch\/wp-content\/uploads\/2025\/02\/20240509_202717-scaled.jpg&#8220; title_text=&#8220;20240509_202717&#8243; _builder_version=&#8220;4.27.4&#8243; _module_preset=&#8220;default&#8220; max_width=&#8220;85%&#8220; module_alignment=&#8220;center&#8220; global_colors_info=&#8220;{}&#8220; custom_padding=&#8220;|||21px||&#8220;][\/et_pb_image][\/et_pb_column][\/et_pb_row][et_pb_row column_structure=&#8220;1_2,1_2&#8243; _builder_version=&#8220;4.27.4&#8243; _module_preset=&#8220;default&#8220; background_color=&#8220;gcid-secondary-color&#8220; custom_padding=&#8220;|20px||20px|false|false&#8220; global_colors_info=&#8220;{%22gcid-secondary-color%22:%91%22background_color%22%93}&#8220;][et_pb_column type=&#8220;1_2&#8243; _builder_version=&#8220;4.27.4&#8243; _module_preset=&#8220;default&#8220; global_colors_info=&#8220;{}&#8220;][et_pb_image src=&#8220;https:\/\/friedlis-moosgarte.ch\/wp-content\/uploads\/2025\/02\/20240910_140940-scaled.jpg&#8220; title_text=&#8220;20240910_140940&#8243; _builder_version=&#8220;4.27.4&#8243; _module_preset=&#8220;default&#8220; max_width=&#8220;100%&#8220; module_alignment=&#8220;center&#8220; custom_margin=&#8220;|-382px||||&#8220; global_colors_info=&#8220;{}&#8220; custom_padding=&#8220;|22px||||&#8220;][\/et_pb_image][\/et_pb_column][et_pb_column type=&#8220;1_2&#8243; _builder_version=&#8220;4.27.4&#8243; _module_preset=&#8220;default&#8220; global_colors_info=&#8220;{}&#8220;][et_pb_text _builder_version=&#8220;4.27.4&#8243; _module_preset=&#8220;default&#8220; text_text_color=&#8220;#000000&#8243; global_colors_info=&#8220;{}&#8220;]<\/p>\n<p><span data-contrast=\"auto\">Spielen mit dem Schatten der B\u00e4ume, Kr\u00e4uter, die Krankheiten (vor allem im Wurzelbereich der Str\u00e4ucher und B\u00e4ume) vorbeugen, und Insekten, die durch die enthaltenen \u00e4therischen \u00d6le verwirren lassen. Mit den heranwachsenden B\u00e4umen soll auch ein Mikroklima entstehen, das der Hitze und dem Wasserverlust im Sommer entgegenwirkt.<\/span><span data-ccp-props=\"{&quot;134233117&quot;:false,&quot;134233118&quot;:false,&quot;335559738&quot;:240,&quot;335559739&quot;:240}\">\u00a0<\/span><\/p>\n<p><span data-contrast=\"auto\">Mitten im Agroforst entsteht eine Hecke, die ein Zuhause f\u00fcr tierische, pilzliche und krabbelnde Freunde bieten soll. In jeder Baumreihe wurden Vogelh\u00e4uschen aufgeh\u00e4ngt, um dem ein oder anderen Piepmatz ein Zuhause zu bieten.\u00a0<\/span><\/p>\n<p><span data-contrast=\"auto\">Mit verschiedenen Kombination an Pflanzen erreichen wir eine\u00a0grosse<br \/>Biodiversit\u00e4t =nat\u00fcrliche Sch\u00e4dlingsbek\u00e4mpfung, besseres Mikroklima<br \/>(Windschutz, Schatten, Taubildung), verhindert Stickstoffverlust,<br \/>Erosionsschutz, Bindung von CO\u2082, Humusaufbau und zuletzt ein sch\u00f6nes Landschaftsbild.<\/span><\/p>\n<p>[\/et_pb_text][\/et_pb_column][\/et_pb_row][\/et_pb_section]<\/p>\n","protected":false},"excerpt":{"rendered":"<p>Der Hof befindet sich in einer grossen Entwicklung. Im Winter 2022 haben wir auf einer Fl\u00e4che von 150 Aren begonnen, eine Agroforstanlage zu kultivieren. Agroforst ist ein Anbausystem, das bis ins Mittelalter zur\u00fcckreicht. Baumreihen werden gepflanzt und dazwischen werden Getreide, Gem\u00fcse und Beeren kultiviert. Eine Art strukturierte Permakultur, die es erm\u00f6glicht, eine Vielzahl von Lebensmitteln [&hellip;]<\/p>\n","protected":false},"author":1,"featured_media":0,"parent":49810,"menu_order":1,"comment_status":"closed","ping_status":"closed","template":"","meta":{"_et_pb_use_builder":"on","_et_pb_old_content":"","_et_gb_content_width":"","footnotes":""},"class_list":["post-49673","page","type-page","status-publish","hentry"],"_links":{"self":[{"href":"https:\/\/friedlis-moosgarte.ch\/index.php?rest_route=\/wp\/v2\/pages\/49673","targetHints":{"allow":["GET"]}}],"collection":[{"href":"https:\/\/friedlis-moosgarte.ch\/index.php?rest_route=\/wp\/v2\/pages"}],"about":[{"href":"https:\/\/friedlis-moosgarte.ch\/index.php?rest_route=\/wp\/v2\/types\/page"}],"author":[{"embeddable":true,"href":"https:\/\/friedlis-moosgarte.ch\/index.php?rest_route=\/wp\/v2\/users\/1"}],"replies":[{"embeddable":true,"href":"https:\/\/friedlis-moosgarte.ch\/index.php?rest_route=%2Fwp%2Fv2%2Fcomments&post=49673"}],"version-history":[{"count":15,"href":"https:\/\/friedlis-moosgarte.ch\/index.php?rest_route=\/wp\/v2\/pages\/49673\/revisions"}],"predecessor-version":[{"id":49997,"href":"https:\/\/friedlis-moosgarte.ch\/index.php?rest_route=\/wp\/v2\/pages\/49673\/revisions\/49997"}],"up":[{"embeddable":true,"href":"https:\/\/friedlis-moosgarte.ch\/index.php?rest_route=\/wp\/v2\/pages\/49810"}],"wp:attachment":[{"href":"https:\/\/friedlis-moosgarte.ch\/index.php?rest_route=%2Fwp%2Fv2%2Fmedia&parent=49673"}],"curies":[{"name":"wp","href":"https:\/\/api.w.org\/{rel}","templated":true}]}}