{"id":49763,"date":"2025-02-09T14:00:46","date_gmt":"2025-02-09T13:00:46","guid":{"rendered":"https:\/\/friedlis-moosgarte.ch\/?page_id=49763"},"modified":"2025-03-22T21:43:11","modified_gmt":"2025-03-22T20:43:11","slug":"ackerbau","status":"publish","type":"page","link":"https:\/\/friedlis-moosgarte.ch\/?page_id=49763","title":{"rendered":"Ackerbau"},"content":{"rendered":"<p>[et_pb_section fb_built=&#8220;1&#8243; fullwidth=&#8220;on&#8220; _builder_version=&#8220;4.27.4&#8243; _module_preset=&#8220;default&#8220; global_colors_info=&#8220;{}&#8220;][et_pb_fullwidth_header title=&#8220;Ackerbau&#8220; _builder_version=&#8220;4.27.4&#8243; _module_preset=&#8220;default&#8220; title_font=&#8220;Buda|700|||||||&#8220; title_font_size=&#8220;60px&#8220; background_image=&#8220;https:\/\/friedlis-moosgarte.ch\/wp-content\/uploads\/2025\/02\/20240718_215321-scaled.jpg&#8220; hover_enabled=&#8220;0&#8243; global_colors_info=&#8220;{%22gcid-body-color%22:%91%22background_color%22%93}&#8220; sticky_enabled=&#8220;0&#8243; background_color=&#8220;gcid-body-color&#8220; background_blend=&#8220;screen&#8220; title_text_color=&#8220;#000000&#8243;][\/et_pb_fullwidth_header][\/et_pb_section][et_pb_section fb_built=&#8220;1&#8243; _builder_version=&#8220;4.27.4&#8243; _module_preset=&#8220;default&#8220; background_color=&#8220;gcid-29b6bcb3-a4ae-4811-8a9a-5ab654dde1f9&#8243; global_colors_info=&#8220;{%22gcid-29b6bcb3-a4ae-4811-8a9a-5ab654dde1f9%22:%91%22background_color%22%93}&#8220;][et_pb_row column_structure=&#8220;1_3,1_3,1_3&#8243; _builder_version=&#8220;4.27.4&#8243; _module_preset=&#8220;default&#8220; background_color=&#8220;gcid-secondary-color&#8220; custom_padding=&#8220;|20px||20px|false|false&#8220; global_colors_info=&#8220;{%22gcid-secondary-color%22:%91%22background_color%22%93}&#8220;][et_pb_column type=&#8220;1_3&#8243; _builder_version=&#8220;4.27.4&#8243; _module_preset=&#8220;default&#8220; global_colors_info=&#8220;{}&#8220;][et_pb_text _builder_version=&#8220;4.27.4&#8243; _module_preset=&#8220;default&#8220; text_text_color=&#8220;#000000&#8243; global_colors_info=&#8220;{}&#8220;]<\/p>\n<p><span data-contrast=\"auto\" xml:lang=\"DE-DE\" lang=\"DE-DE\" class=\"TextRun SCXW172735926 BCX8\"><span class=\"NormalTextRun SCXW172735926 BCX8\">Auf rund 30 Hektar bauen wir verschiedene Getreide, Pseudogetreide, Kartoffeln und H\u00fclsenfr\u00fcchte an. Es ist uns ein Anliegen, den Hof neben der Agroforstwirtschaft vielf\u00e4ltiger zu gestalten. Einerseits zugunsten der Fruchtfolge und andererseits, um eine gr\u00f6\u00dfere Vielfalt f\u00fcr unsere Kundschaft zu bieten. Was gibt es Sch\u00f6neres, als Polenta zu kochen, die vom Hof in der N\u00e4he produziert wurde? Ob Erbsen oder verschiedene Bohnen, alles aus der Welt der Leguminosen soll dabei sein. All die wunderbaren Getreide und Pseudogetreide genie\u00dfen zu k\u00f6nnen und dabei zu wissen, dass alles auf <\/span><span class=\"NormalTextRun SCXW172735926 BCX8\">demselben<\/span><span class=\"NormalTextRun SCXW172735926 BCX8\"> kleinen Flecken der Erde gewachsen ist. Ein Brot<\/span><span class=\"NormalTextRun SCXW172735926 BCX8\">\u00a0<\/span><span class=\"NormalTextRun SCXW172735926 BCX8\">gebacken mit Mehl von unserem Hof \u2013 f\u00fcr uns ein wunderbares Gef\u00fchl.<\/span><\/span><span class=\"EOP SCXW172735926 BCX8\" data-ccp-props=\"{&quot;134233117&quot;:false,&quot;134233118&quot;:false,&quot;335559738&quot;:240,&quot;335559739&quot;:240}\">\u00a0<\/span><\/p>\n<p>[\/et_pb_text][\/et_pb_column][et_pb_column type=&#8220;1_3&#8243; _builder_version=&#8220;4.27.4&#8243; _module_preset=&#8220;default&#8220; global_colors_info=&#8220;{}&#8220;][et_pb_image src=&#8220;https:\/\/friedlis-moosgarte.ch\/wp-content\/uploads\/2025\/02\/unnamed-e1739207838643.jpg&#8220; title_text=&#8220;unnamed&#8220; _builder_version=&#8220;4.27.4&#8243; _module_preset=&#8220;default&#8220; width=&#8220;100%&#8220; max_width=&#8220;100%&#8220; module_alignment=&#8220;center&#8220; global_colors_info=&#8220;{}&#8220;][\/et_pb_image][\/et_pb_column][et_pb_column type=&#8220;1_3&#8243; _builder_version=&#8220;4.27.4&#8243; _module_preset=&#8220;default&#8220; global_colors_info=&#8220;{}&#8220;][et_pb_image src=&#8220;https:\/\/friedlis-moosgarte.ch\/wp-content\/uploads\/2025\/02\/20240815_081545-scaled.jpg&#8220; title_text=&#8220;20240815_081545&#8243; _builder_version=&#8220;4.27.4&#8243; _module_preset=&#8220;default&#8220; global_colors_info=&#8220;{}&#8220;][\/et_pb_image][\/et_pb_column][\/et_pb_row][\/et_pb_section]<\/p>\n","protected":false},"excerpt":{"rendered":"<p>Auf rund 30 Hektar bauen wir verschiedene Getreide, Pseudogetreide, Kartoffeln und H\u00fclsenfr\u00fcchte an. Es ist uns ein Anliegen, den Hof neben der Agroforstwirtschaft vielf\u00e4ltiger zu gestalten. Einerseits zugunsten der Fruchtfolge und andererseits, um eine gr\u00f6\u00dfere Vielfalt f\u00fcr unsere Kundschaft zu bieten. Was gibt es Sch\u00f6neres, als Polenta zu kochen, die vom Hof in der N\u00e4he [&hellip;]<\/p>\n","protected":false},"author":1,"featured_media":0,"parent":0,"menu_order":3,"comment_status":"closed","ping_status":"closed","template":"","meta":{"_et_pb_use_builder":"on","_et_pb_old_content":"","_et_gb_content_width":"","footnotes":""},"class_list":["post-49763","page","type-page","status-publish","hentry"],"_links":{"self":[{"href":"https:\/\/friedlis-moosgarte.ch\/index.php?rest_route=\/wp\/v2\/pages\/49763","targetHints":{"allow":["GET"]}}],"collection":[{"href":"https:\/\/friedlis-moosgarte.ch\/index.php?rest_route=\/wp\/v2\/pages"}],"about":[{"href":"https:\/\/friedlis-moosgarte.ch\/index.php?rest_route=\/wp\/v2\/types\/page"}],"author":[{"embeddable":true,"href":"https:\/\/friedlis-moosgarte.ch\/index.php?rest_route=\/wp\/v2\/users\/1"}],"replies":[{"embeddable":true,"href":"https:\/\/friedlis-moosgarte.ch\/index.php?rest_route=%2Fwp%2Fv2%2Fcomments&post=49763"}],"version-history":[{"count":10,"href":"https:\/\/friedlis-moosgarte.ch\/index.php?rest_route=\/wp\/v2\/pages\/49763\/revisions"}],"predecessor-version":[{"id":49968,"href":"https:\/\/friedlis-moosgarte.ch\/index.php?rest_route=\/wp\/v2\/pages\/49763\/revisions\/49968"}],"wp:attachment":[{"href":"https:\/\/friedlis-moosgarte.ch\/index.php?rest_route=%2Fwp%2Fv2%2Fmedia&parent=49763"}],"curies":[{"name":"wp","href":"https:\/\/api.w.org\/{rel}","templated":true}]}}