{"id":49773,"date":"2025-02-09T14:08:26","date_gmt":"2025-02-09T13:08:26","guid":{"rendered":"https:\/\/friedlis-moosgarte.ch\/?page_id=49773"},"modified":"2025-03-29T12:31:23","modified_gmt":"2025-03-29T11:31:23","slug":"verarbeitete-produkte","status":"publish","type":"page","link":"https:\/\/friedlis-moosgarte.ch\/?page_id=49773","title":{"rendered":"Verarbeitete Produkte"},"content":{"rendered":"<p>[et_pb_section fb_built=&#8220;1&#8243; fullwidth=&#8220;on&#8220; _builder_version=&#8220;4.27.4&#8243; _module_preset=&#8220;default&#8220; global_colors_info=&#8220;{}&#8220;][et_pb_fullwidth_header title=&#8220;Verarbeitete Produkte&#8220; _builder_version=&#8220;4.27.4&#8243; _module_preset=&#8220;default&#8220; title_font=&#8220;Buda|700|||||||&#8220; title_text_color=&#8220;#000000&#8243; title_font_size=&#8220;60px&#8220; background_color=&#8220;gcid-body-color&#8220; background_image=&#8220;https:\/\/friedlis-moosgarte.ch\/wp-content\/uploads\/2025\/02\/20240907_083154-scaled.jpg&#8220; background_position=&#8220;top_center&#8220; background_vertical_offset=&#8220;4%&#8220; background_blend=&#8220;screen&#8220; title_text_shadow_style=&#8220;preset3&#8243; title_text_shadow_color=&#8220;#000000&#8243; global_colors_info=&#8220;{%22gcid-body-color%22:%91%22background_color%22%93}&#8220;][\/et_pb_fullwidth_header][\/et_pb_section][et_pb_section fb_built=&#8220;1&#8243; _builder_version=&#8220;4.27.4&#8243; _module_preset=&#8220;default&#8220; background_color=&#8220;gcid-29b6bcb3-a4ae-4811-8a9a-5ab654dde1f9&#8243; global_colors_info=&#8220;{%22gcid-29b6bcb3-a4ae-4811-8a9a-5ab654dde1f9%22:%91%22background_color%22%93}&#8220;][et_pb_row column_structure=&#8220;1_2,1_2&#8243; _builder_version=&#8220;4.27.4&#8243; _module_preset=&#8220;default&#8220; background_color=&#8220;gcid-secondary-color&#8220; custom_padding=&#8220;|20px||20px|false|false&#8220; global_colors_info=&#8220;{%22gcid-secondary-color%22:%91%22background_color%22%93}&#8220;][et_pb_column type=&#8220;1_2&#8243; _builder_version=&#8220;4.27.4&#8243; _module_preset=&#8220;default&#8220; global_colors_info=&#8220;{}&#8220;][et_pb_image src=&#8220;https:\/\/friedlis-moosgarte.ch\/wp-content\/uploads\/2025\/02\/20241031_074424-1-scaled.jpg&#8220; title_text=&#8220;20241031_074424&#8243; _builder_version=&#8220;4.27.4&#8243; _module_preset=&#8220;default&#8220; global_colors_info=&#8220;{}&#8220;][\/et_pb_image][\/et_pb_column][et_pb_column type=&#8220;1_2&#8243; _builder_version=&#8220;4.27.4&#8243; _module_preset=&#8220;default&#8220; global_colors_info=&#8220;{}&#8220;][et_pb_text _builder_version=&#8220;4.27.4&#8243; _module_preset=&#8220;default&#8220; text_text_color=&#8220;#000000&#8243; global_colors_info=&#8220;{}&#8220;]<\/p>\n<p>Die hofeigenen Produkte veredeln wir weiter\u2013 sei es zu Mehl oder einer simplen Tomatensauce, wenn es mal schnell gehen muss.<\/p>\n<p>Bereits jetzt bieten wir B\u00fcrenmoos-Teigwaren, Mehl aus eigenem Getreide, Konfit\u00fcre und andere Leckereien an. Wir m\u00f6chten in die Vergangenheit zur\u00fcckreisen, wieder mehr fermentieren, trocknen und einmachen. So entsteht die M\u00f6glichkeit, auch im Winter den Sommer mit einheimischen K\u00f6stlichkeiten geniessen zu k\u00f6nnen.<\/p>\n<p>Die Produkte k\u00f6nnen im Hofladen gekauft werden.<\/p>\n<p>[\/et_pb_text][\/et_pb_column][\/et_pb_row][et_pb_row column_structure=&#8220;1_4,1_4,1_4,1_4&#8243; _builder_version=&#8220;4.27.4&#8243; _module_preset=&#8220;default&#8220; background_color=&#8220;gcid-secondary-color&#8220; custom_padding=&#8220;|20px||20px|false|false&#8220; global_colors_info=&#8220;{%22gcid-secondary-color%22:%91%22background_color%22%93}&#8220;][et_pb_column type=&#8220;1_4&#8243; _builder_version=&#8220;4.27.4&#8243; _module_preset=&#8220;default&#8220; global_colors_info=&#8220;{}&#8220;][et_pb_image src=&#8220;https:\/\/friedlis-moosgarte.ch\/wp-content\/uploads\/2025\/02\/20241005_095123-scaled.jpg&#8220; title_text=&#8220;20241005_095123&#8243; _builder_version=&#8220;4.27.4&#8243; _module_preset=&#8220;default&#8220; global_colors_info=&#8220;{}&#8220;][\/et_pb_image][\/et_pb_column][et_pb_column type=&#8220;1_4&#8243; _builder_version=&#8220;4.27.4&#8243; _module_preset=&#8220;default&#8220; global_colors_info=&#8220;{}&#8220;][et_pb_image src=&#8220;https:\/\/friedlis-moosgarte.ch\/wp-content\/uploads\/2025\/02\/20240916_133008-scaled.jpg&#8220; title_text=&#8220;20240916_133008&#8243; _builder_version=&#8220;4.27.4&#8243; _module_preset=&#8220;default&#8220; global_colors_info=&#8220;{}&#8220;][\/et_pb_image][\/et_pb_column][et_pb_column type=&#8220;1_4&#8243; _builder_version=&#8220;4.27.4&#8243; _module_preset=&#8220;default&#8220; global_colors_info=&#8220;{}&#8220;][et_pb_image src=&#8220;https:\/\/friedlis-moosgarte.ch\/wp-content\/uploads\/2025\/02\/20240905_173223-scaled.jpg&#8220; title_text=&#8220;20240905_173223&#8243; _builder_version=&#8220;4.27.4&#8243; _module_preset=&#8220;default&#8220; global_colors_info=&#8220;{}&#8220;][\/et_pb_image][\/et_pb_column][et_pb_column type=&#8220;1_4&#8243; _builder_version=&#8220;4.27.4&#8243; _module_preset=&#8220;default&#8220; global_colors_info=&#8220;{}&#8220;][et_pb_image src=&#8220;https:\/\/friedlis-moosgarte.ch\/wp-content\/uploads\/2025\/02\/20240916_0859070-scaled.jpg&#8220; title_text=&#8220;20240916_085907(0)&#8220; _builder_version=&#8220;4.27.4&#8243; _module_preset=&#8220;default&#8220; global_colors_info=&#8220;{}&#8220;][\/et_pb_image][\/et_pb_column][\/et_pb_row][\/et_pb_section]<\/p>\n","protected":false},"excerpt":{"rendered":"<p>Die hofeigenen Produkte veredeln wir weiter\u2013 sei es zu Mehl oder einer simplen Tomatensauce, wenn es mal schnell gehen muss. Bereits jetzt bieten wir B\u00fcrenmoos-Teigwaren, Mehl aus eigenem Getreide, Konfit\u00fcre und andere Leckereien an. Wir m\u00f6chten in die Vergangenheit zur\u00fcckreisen, wieder mehr fermentieren, trocknen und einmachen. So entsteht die M\u00f6glichkeit, auch im Winter den Sommer [&hellip;]<\/p>\n","protected":false},"author":1,"featured_media":0,"parent":49869,"menu_order":2,"comment_status":"closed","ping_status":"closed","template":"","meta":{"_et_pb_use_builder":"on","_et_pb_old_content":"","_et_gb_content_width":"","footnotes":""},"class_list":["post-49773","page","type-page","status-publish","hentry"],"_links":{"self":[{"href":"https:\/\/friedlis-moosgarte.ch\/index.php?rest_route=\/wp\/v2\/pages\/49773","targetHints":{"allow":["GET"]}}],"collection":[{"href":"https:\/\/friedlis-moosgarte.ch\/index.php?rest_route=\/wp\/v2\/pages"}],"about":[{"href":"https:\/\/friedlis-moosgarte.ch\/index.php?rest_route=\/wp\/v2\/types\/page"}],"author":[{"embeddable":true,"href":"https:\/\/friedlis-moosgarte.ch\/index.php?rest_route=\/wp\/v2\/users\/1"}],"replies":[{"embeddable":true,"href":"https:\/\/friedlis-moosgarte.ch\/index.php?rest_route=%2Fwp%2Fv2%2Fcomments&post=49773"}],"version-history":[{"count":12,"href":"https:\/\/friedlis-moosgarte.ch\/index.php?rest_route=\/wp\/v2\/pages\/49773\/revisions"}],"predecessor-version":[{"id":49998,"href":"https:\/\/friedlis-moosgarte.ch\/index.php?rest_route=\/wp\/v2\/pages\/49773\/revisions\/49998"}],"up":[{"embeddable":true,"href":"https:\/\/friedlis-moosgarte.ch\/index.php?rest_route=\/wp\/v2\/pages\/49869"}],"wp:attachment":[{"href":"https:\/\/friedlis-moosgarte.ch\/index.php?rest_route=%2Fwp%2Fv2%2Fmedia&parent=49773"}],"curies":[{"name":"wp","href":"https:\/\/api.w.org\/{rel}","templated":true}]}}