{"id":49806,"date":"2025-02-10T18:49:24","date_gmt":"2025-02-10T17:49:24","guid":{"rendered":"https:\/\/friedlis-moosgarte.ch\/?page_id=49806"},"modified":"2025-03-29T12:32:41","modified_gmt":"2025-03-29T11:32:41","slug":"auf-bestellung","status":"publish","type":"page","link":"https:\/\/friedlis-moosgarte.ch\/?page_id=49806","title":{"rendered":"Auf Bestellung"},"content":{"rendered":"<p>[et_pb_section fb_built=&#8220;1&#8243; fullwidth=&#8220;on&#8220; _builder_version=&#8220;4.27.4&#8243; _module_preset=&#8220;default&#8220; global_colors_info=&#8220;{}&#8220;][et_pb_fullwidth_header title=&#8220;Auf Bestellung&#8220; _builder_version=&#8220;4.27.4&#8243; _module_preset=&#8220;default&#8220; title_font=&#8220;Buda|700|||||||&#8220; title_text_color=&#8220;#000000&#8243; title_font_size=&#8220;60px&#8220; content_font=&#8220;Buda|700|||||||&#8220; content_text_color=&#8220;#000000&#8243; content_font_size=&#8220;30px&#8220; subhead_font=&#8220;Buda||||||||&#8220; subhead_font_size=&#8220;25px&#8220; background_color=&#8220;gcid-body-color&#8220; background_image=&#8220;https:\/\/friedlis-moosgarte.ch\/wp-content\/uploads\/2025\/02\/20240728_085917-scaled.jpg&#8220; background_blend=&#8220;screen&#8220; content_text_shadow_style=&#8220;preset3&#8243; subhead_text_shadow_style=&#8220;preset3&#8243; global_colors_info=&#8220;{%22gcid-body-color%22:%91%22background_color%22%93}&#8220;]<\/p>\n<p>K\u00fcchenfertige Salate<\/p>\n<p>Fertige Salate<\/p>\n<p>Gem\u00fcsedipp<\/p>\n<p>Gem\u00fcsekisten und Hofkisten<\/p>\n<p>[\/et_pb_fullwidth_header][\/et_pb_section][et_pb_section fb_built=&#8220;1&#8243; _builder_version=&#8220;4.27.4&#8243; _module_preset=&#8220;default&#8220; background_color=&#8220;gcid-29b6bcb3-a4ae-4811-8a9a-5ab654dde1f9&#8243; global_colors_info=&#8220;{%22gcid-29b6bcb3-a4ae-4811-8a9a-5ab654dde1f9%22:%91%22background_color%22%93}&#8220;][et_pb_row column_structure=&#8220;1_2,1_2&#8243; _builder_version=&#8220;4.27.4&#8243; _module_preset=&#8220;default&#8220; background_color=&#8220;gcid-secondary-color&#8220; custom_padding=&#8220;|20px||20px|false|false&#8220; global_colors_info=&#8220;{%22gcid-secondary-color%22:%91%22background_color%22%93}&#8220;][et_pb_column type=&#8220;1_2&#8243; _builder_version=&#8220;4.27.4&#8243; _module_preset=&#8220;default&#8220; global_colors_info=&#8220;{}&#8220;][et_pb_heading title=&#8220;Frisches, k\u00fcchenfertiges Gem\u00fcse und Salate \u2013 direkt vom Hof&#8220; _builder_version=&#8220;4.27.4&#8243; _module_preset=&#8220;default&#8220; title_font=&#8220;Buda|700|||||||&#8220; global_colors_info=&#8220;{}&#8220;][\/et_pb_heading][et_pb_text _builder_version=&#8220;4.27.4&#8243; _module_preset=&#8220;default&#8220; text_text_color=&#8220;#000000&#8243; hover_enabled=&#8220;0&#8243; global_colors_info=&#8220;{}&#8220; sticky_enabled=&#8220;0&#8243;]<\/p>\n<p><span>Auf Bestellung bieten wir eine grosse Auswahl an k\u00fcchenfertigem Gem\u00fcse und Salaten \u2013 frisch, geschnitten und verzehrfertig. Besonders beliebt ist unser hausgemachter Kartoffelsalat, nach ausget\u00fcfteltem Rezept zubereitet und perfekt f\u00fcr jede Gelegenheit. Erg\u00e4nzend dazu gibt es knackige Rohkost mit k\u00f6stlichem Gem\u00fcsedipp. Egal ob f\u00fcr den schnellen Genuss, Feiern oder die Gastronomie \u2013 wir liefern Frische und Qualit\u00e4t direkt vom Hof. Einfach bestellen und geniessen!<\/span><\/p>\n<p>[\/et_pb_text][\/et_pb_column][et_pb_column type=&#8220;1_2&#8243; _builder_version=&#8220;4.27.4&#8243; _module_preset=&#8220;default&#8220; global_colors_info=&#8220;{}&#8220;][et_pb_image src=&#8220;https:\/\/friedlis-moosgarte.ch\/wp-content\/uploads\/2025\/02\/20240907_083156-scaled-e1739218514263.jpg&#8220; title_text=&#8220;20240907_083156&#8243; _builder_version=&#8220;4.27.4&#8243; _module_preset=&#8220;default&#8220; global_colors_info=&#8220;{}&#8220;][\/et_pb_image][\/et_pb_column][\/et_pb_row][et_pb_row column_structure=&#8220;1_2,1_2&#8243; _builder_version=&#8220;4.27.4&#8243; _module_preset=&#8220;default&#8220; background_color=&#8220;gcid-secondary-color&#8220; custom_padding=&#8220;|20px||20px|false|false&#8220; global_colors_info=&#8220;{%22gcid-secondary-color%22:%91%22background_color%22%93}&#8220;][et_pb_column type=&#8220;1_2&#8243; _builder_version=&#8220;4.27.4&#8243; _module_preset=&#8220;default&#8220; global_colors_info=&#8220;{}&#8220;][et_pb_image src=&#8220;https:\/\/friedlis-moosgarte.ch\/wp-content\/uploads\/2025\/02\/20241223_120719-scaled-e1739218800184.jpg&#8220; title_text=&#8220;20241223_120719&#8243; _builder_version=&#8220;4.27.4&#8243; _module_preset=&#8220;default&#8220; global_colors_info=&#8220;{}&#8220;][\/et_pb_image][\/et_pb_column][et_pb_column type=&#8220;1_2&#8243; _builder_version=&#8220;4.27.4&#8243; _module_preset=&#8220;default&#8220; global_colors_info=&#8220;{}&#8220;][et_pb_heading title=&#8220;Gem\u00fcsekiste &#038; Hofkiste \u2013 Frische Geschenkideen direkt vom Hof&#8220; _builder_version=&#8220;4.27.4&#8243; _module_preset=&#8220;default&#8220; title_font=&#8220;Buda|700|||||||&#8220; global_colors_info=&#8220;{}&#8220;][\/et_pb_heading][et_pb_text _builder_version=&#8220;4.27.4&#8243; _module_preset=&#8220;default&#8220; text_text_color=&#8220;#000000&#8243; global_colors_info=&#8220;{}&#8220;]<\/p>\n<p dir=\"ltr\">Unsere Gem\u00fcsekiste und Hofkiste sind das perfekte Geschenk f\u00fcr alle, die regionale und frische Lebensmittel lieben. Ob buntes, saisonales Gem\u00fcse oder eine Auswahl an hofeigenen Spezialit\u00e4ten \u2013 jede Kiste wird mit Sorgfalt zusammengestellt und liebevoll verpackt. Ideal f\u00fcr Geburtstage, Jubil\u00e4en oder als besondere Aufmerksamkeit zwischendurch. Frische, Genuss und Nachhaltigkeit in einem Geschenk!<\/p>\n<p>[\/et_pb_text][\/et_pb_column][\/et_pb_row][et_pb_row _builder_version=&#8220;4.27.4&#8243; _module_preset=&#8220;default&#8220; background_color=&#8220;gcid-secondary-color&#8220; custom_padding=&#8220;|20px||20px|false|false&#8220; global_colors_info=&#8220;{%22gcid-secondary-color%22:%91%22background_color%22%93}&#8220;][et_pb_column type=&#8220;4_4&#8243; _builder_version=&#8220;4.27.4&#8243; _module_preset=&#8220;default&#8220; global_colors_info=&#8220;{}&#8220;][et_pb_button button_url=&#8220;https:\/\/friedlis-moosgarte.ch\/?page_id=165&#8243; button_text=&#8220;Kontakt&#8220; button_alignment=&#8220;center&#8220; _builder_version=&#8220;4.27.4&#8243; _module_preset=&#8220;default&#8220; global_colors_info=&#8220;{}&#8220;][\/et_pb_button][\/et_pb_column][\/et_pb_row][\/et_pb_section]<\/p>\n","protected":false},"excerpt":{"rendered":"<p>K\u00fcchenfertige Salate Fertige Salate Gem\u00fcsedipp Gem\u00fcsekisten und HofkistenAuf Bestellung bieten wir eine grosse Auswahl an k\u00fcchenfertigem Gem\u00fcse und Salaten \u2013 frisch, geschnitten und verzehrfertig. Besonders beliebt ist unser hausgemachter Kartoffelsalat, nach ausget\u00fcfteltem Rezept zubereitet und perfekt f\u00fcr jede Gelegenheit. Erg\u00e4nzend dazu gibt es knackige Rohkost mit k\u00f6stlichem Gem\u00fcsedipp. Egal ob f\u00fcr den schnellen Genuss, Feiern [&hellip;]<\/p>\n","protected":false},"author":1,"featured_media":0,"parent":49869,"menu_order":2,"comment_status":"closed","ping_status":"closed","template":"","meta":{"_et_pb_use_builder":"on","_et_pb_old_content":"","_et_gb_content_width":"","footnotes":""},"class_list":["post-49806","page","type-page","status-publish","hentry"],"_links":{"self":[{"href":"https:\/\/friedlis-moosgarte.ch\/index.php?rest_route=\/wp\/v2\/pages\/49806","targetHints":{"allow":["GET"]}}],"collection":[{"href":"https:\/\/friedlis-moosgarte.ch\/index.php?rest_route=\/wp\/v2\/pages"}],"about":[{"href":"https:\/\/friedlis-moosgarte.ch\/index.php?rest_route=\/wp\/v2\/types\/page"}],"author":[{"embeddable":true,"href":"https:\/\/friedlis-moosgarte.ch\/index.php?rest_route=\/wp\/v2\/users\/1"}],"replies":[{"embeddable":true,"href":"https:\/\/friedlis-moosgarte.ch\/index.php?rest_route=%2Fwp%2Fv2%2Fcomments&post=49806"}],"version-history":[{"count":10,"href":"https:\/\/friedlis-moosgarte.ch\/index.php?rest_route=\/wp\/v2\/pages\/49806\/revisions"}],"predecessor-version":[{"id":49999,"href":"https:\/\/friedlis-moosgarte.ch\/index.php?rest_route=\/wp\/v2\/pages\/49806\/revisions\/49999"}],"up":[{"embeddable":true,"href":"https:\/\/friedlis-moosgarte.ch\/index.php?rest_route=\/wp\/v2\/pages\/49869"}],"wp:attachment":[{"href":"https:\/\/friedlis-moosgarte.ch\/index.php?rest_route=%2Fwp%2Fv2%2Fmedia&parent=49806"}],"curies":[{"name":"wp","href":"https:\/\/api.w.org\/{rel}","templated":true}]}}