{"id":49857,"date":"2025-02-10T18:17:54","date_gmt":"2025-02-10T17:17:54","guid":{"rendered":"https:\/\/friedlis-moosgarte.ch\/?page_id=49857"},"modified":"2025-03-29T12:48:44","modified_gmt":"2025-03-29T11:48:44","slug":"weiteres","status":"publish","type":"page","link":"https:\/\/friedlis-moosgarte.ch\/?page_id=49857","title":{"rendered":"Weiteres"},"content":{"rendered":"<p>[et_pb_section fb_built=&#8220;1&#8243; fullwidth=&#8220;on&#8220; _builder_version=&#8220;4.27.4&#8243; _module_preset=&#8220;default&#8220; global_colors_info=&#8220;{}&#8220;][et_pb_fullwidth_header title=&#8220;Mit der Natur &#8220; _builder_version=&#8220;4.27.4&#8243; _module_preset=&#8220;default&#8220; title_font=&#8220;Buda|700|||||||&#8220; title_text_color=&#8220;#000000&#8243; title_font_size=&#8220;60px&#8220; background_color=&#8220;gcid-body-color&#8220; background_image=&#8220;https:\/\/friedlis-moosgarte.ch\/wp-content\/uploads\/2025\/02\/20240702_115533-2-scaled.jpg&#8220; background_blend=&#8220;screen&#8220; global_colors_info=&#8220;{%22gcid-body-color%22:%91%22background_color%22%93}&#8220;][\/et_pb_fullwidth_header][\/et_pb_section][et_pb_section fb_built=&#8220;1&#8243; _builder_version=&#8220;4.27.4&#8243; _module_preset=&#8220;default&#8220; background_color=&#8220;gcid-29b6bcb3-a4ae-4811-8a9a-5ab654dde1f9&#8243; custom_padding=&#8220;50px||||false|false&#8220; global_colors_info=&#8220;{%22gcid-29b6bcb3-a4ae-4811-8a9a-5ab654dde1f9%22:%91%22background_color%22%93}&#8220;][et_pb_row column_structure=&#8220;2_5,3_5&#8243; _builder_version=&#8220;4.27.4&#8243; _module_preset=&#8220;default&#8220; background_color=&#8220;gcid-secondary-color&#8220; custom_padding=&#8220;|20px||20px|false|false&#8220; global_colors_info=&#8220;{%22gcid-secondary-color%22:%91%22background_color%22%93}&#8220;][et_pb_column type=&#8220;2_5&#8243; _builder_version=&#8220;4.27.4&#8243; _module_preset=&#8220;default&#8220; global_colors_info=&#8220;{}&#8220;][et_pb_heading title=&#8220;F\u00f6rderung von Feldhase und Feldlerche&#8220; _builder_version=&#8220;4.27.4&#8243; _module_preset=&#8220;default&#8220; title_font=&#8220;Buda|700|||||||&#8220; title_text_color=&#8220;#000000&#8243; global_colors_info=&#8220;{}&#8220;][\/et_pb_heading][et_pb_text _builder_version=&#8220;4.27.4&#8243; _module_preset=&#8220;default&#8220; text_text_color=&#8220;#000000&#8243; global_colors_info=&#8220;{}&#8220;]<\/p>\n<p dir=\"ltr\">Alle Getreidesorten werden in weiten Reihen ausges\u00e4t, sodass Feldhasen ausreichend Deckung und Feldlerchen geeignete Nistpl\u00e4tze finden. Durch die gr\u00f6\u00dferen Abst\u00e4nde zwischen den Pflanzen entstehen offene Bodenstellen, die den Tieren als Lebensraum und zur Nahrungssuche dienen. Diese Massnahme tr\u00e4gt zur F\u00f6rderung der Biodiversit\u00e4t in der Agrarlandschaft bei.<\/p>\n<p>[\/et_pb_text][\/et_pb_column][et_pb_column type=&#8220;3_5&#8243; _builder_version=&#8220;4.27.4&#8243; _module_preset=&#8220;default&#8220; global_colors_info=&#8220;{}&#8220;][et_pb_image src=&#8220;https:\/\/friedlis-moosgarte.ch\/wp-content\/uploads\/2025\/02\/unnamed-e1739207838643.jpg&#8220; title_text=&#8220;unnamed&#8220; _builder_version=&#8220;4.27.4&#8243; _module_preset=&#8220;default&#8220; max_width=&#8220;59%&#8220; module_alignment=&#8220;center&#8220; global_colors_info=&#8220;{}&#8220;][\/et_pb_image][\/et_pb_column][\/et_pb_row][et_pb_row column_structure=&#8220;1_2,1_2&#8243; _builder_version=&#8220;4.27.4&#8243; _module_preset=&#8220;default&#8220; background_color=&#8220;gcid-secondary-color&#8220; custom_padding=&#8220;|20px||20px|false|false&#8220; global_colors_info=&#8220;{%22gcid-secondary-color%22:%91%22background_color%22%93}&#8220;][et_pb_column type=&#8220;1_2&#8243; _builder_version=&#8220;4.27.4&#8243; _module_preset=&#8220;default&#8220; global_colors_info=&#8220;{}&#8220;][et_pb_image src=&#8220;https:\/\/friedlis-moosgarte.ch\/wp-content\/uploads\/2025\/02\/20240924_171300-scaled.jpg&#8220; title_text=&#8220;20240924_171300&#8243; align=&#8220;center&#8220; _builder_version=&#8220;4.27.4&#8243; _module_preset=&#8220;default&#8220; width=&#8220;100%&#8220; max_width=&#8220;63%&#8220; module_alignment=&#8220;center&#8220; max_height=&#8220;1000px&#8220; global_colors_info=&#8220;{}&#8220;][\/et_pb_image][\/et_pb_column][et_pb_column type=&#8220;1_2&#8243; _builder_version=&#8220;4.27.4&#8243; _module_preset=&#8220;default&#8220; global_colors_info=&#8220;{}&#8220;][et_pb_heading title=&#8220;N\u00fctzlingsstreifen im Gem\u00fcsebau &#8220; _builder_version=&#8220;4.27.4&#8243; _module_preset=&#8220;default&#8220; title_font=&#8220;Buda|700|||||||&#8220; title_text_color=&#8220;#000000&#8243; global_colors_info=&#8220;{}&#8220;][\/et_pb_heading][et_pb_text _builder_version=&#8220;4.27.4&#8243; _module_preset=&#8220;default&#8220; text_text_color=&#8220;#000000&#8243; global_colors_info=&#8220;{}&#8220;]<\/p>\n<p dir=\"ltr\">Auf unserem Hof legen wir gezielt N\u00fctzlingsstreifen zwischen den Gem\u00fcsefeldern an. Diese bl\u00fchenden Bereiche bieten Lebensraum f\u00fcr nat\u00fcrliche Gegenspieler von Sch\u00e4dlingen, wie Marienk\u00e4fer, Schlupfwespen und Florfliegen. Durch die Vielfalt an Bl\u00fchpflanzen verbessern wir nicht nur die Artenvielfalt, sondern f\u00f6rdern auch die Best\u00e4ubung und den Pflanzenschutz auf nat\u00fcrliche Weise. So minimieren wir den Einsatz von Pflanzenschutzmitteln und st\u00e4rken das \u00f6kologische Gleichgewicht auf unseren Fl\u00e4chen.<\/p>\n<div class=\"yj6qo ajU\"><\/div>\n<p>[\/et_pb_text][\/et_pb_column][\/et_pb_row][\/et_pb_section]<\/p>\n","protected":false},"excerpt":{"rendered":"<p>Alle Getreidesorten werden in weiten Reihen ausges\u00e4t, sodass Feldhasen ausreichend Deckung und Feldlerchen geeignete Nistpl\u00e4tze finden. Durch die gr\u00f6\u00dferen Abst\u00e4nde zwischen den Pflanzen entstehen offene Bodenstellen, die den Tieren als Lebensraum und zur Nahrungssuche dienen. Diese Massnahme tr\u00e4gt zur F\u00f6rderung der Biodiversit\u00e4t in der Agrarlandschaft bei.Auf unserem Hof legen wir gezielt N\u00fctzlingsstreifen zwischen den Gem\u00fcsefeldern [&hellip;]<\/p>\n","protected":false},"author":1,"featured_media":0,"parent":49810,"menu_order":3,"comment_status":"closed","ping_status":"closed","template":"","meta":{"_et_pb_use_builder":"on","_et_pb_old_content":"","_et_gb_content_width":"","footnotes":""},"class_list":["post-49857","page","type-page","status-publish","hentry"],"_links":{"self":[{"href":"https:\/\/friedlis-moosgarte.ch\/index.php?rest_route=\/wp\/v2\/pages\/49857","targetHints":{"allow":["GET"]}}],"collection":[{"href":"https:\/\/friedlis-moosgarte.ch\/index.php?rest_route=\/wp\/v2\/pages"}],"about":[{"href":"https:\/\/friedlis-moosgarte.ch\/index.php?rest_route=\/wp\/v2\/types\/page"}],"author":[{"embeddable":true,"href":"https:\/\/friedlis-moosgarte.ch\/index.php?rest_route=\/wp\/v2\/users\/1"}],"replies":[{"embeddable":true,"href":"https:\/\/friedlis-moosgarte.ch\/index.php?rest_route=%2Fwp%2Fv2%2Fcomments&post=49857"}],"version-history":[{"count":7,"href":"https:\/\/friedlis-moosgarte.ch\/index.php?rest_route=\/wp\/v2\/pages\/49857\/revisions"}],"predecessor-version":[{"id":50008,"href":"https:\/\/friedlis-moosgarte.ch\/index.php?rest_route=\/wp\/v2\/pages\/49857\/revisions\/50008"}],"up":[{"embeddable":true,"href":"https:\/\/friedlis-moosgarte.ch\/index.php?rest_route=\/wp\/v2\/pages\/49810"}],"wp:attachment":[{"href":"https:\/\/friedlis-moosgarte.ch\/index.php?rest_route=%2Fwp%2Fv2%2Fmedia&parent=49857"}],"curies":[{"name":"wp","href":"https:\/\/api.w.org\/{rel}","templated":true}]}}